{"id":1081,"date":"2023-11-28T15:13:30","date_gmt":"2023-11-28T14:13:30","guid":{"rendered":"https:\/\/essen-strafverteidigung.de\/tarife\/"},"modified":"2025-02-26T16:49:47","modified_gmt":"2025-02-26T15:49:47","slug":"tarife","status":"publish","type":"page","link":"https:\/\/essen-strafverteidigung.de\/sq\/tarife\/","title":{"rendered":"tarif\u00eb"},"content":{"rendered":"<p>[et_pb_section fb_built=&#8221;1&#8243; custom_padding_last_edited=&#8221;on|desktop&#8221; _builder_version=&#8221;4.23.1&#8243; _module_preset=&#8221;default&#8221; background_color=&#8221;#E1DFD8&#8243; custom_padding=&#8221;80px||||false|false&#8221; custom_padding_tablet=&#8221;80px||||false|false&#8221; custom_padding_phone=&#8221;80px||||false|false&#8221; global_colors_info=&#8221;{}&#8221;][et_pb_row column_structure=&#8221;1_2,1_2&#8243; make_equal=&#8221;on&#8221; module_class=&#8221;vertikales-zentrieren&#8221; _builder_version=&#8221;4.23.1&#8243; _module_preset=&#8221;default&#8221; custom_margin=&#8221;||50px||false|false&#8221; custom_margin_tablet=&#8221;||50px||false|false&#8221; custom_margin_phone=&#8221;||0px||false|false&#8221; custom_margin_last_edited=&#8221;on|phone&#8221; global_colors_info=&#8221;{}&#8221;][et_pb_column type=&#8221;1_2&#8243; _builder_version=&#8221;4.23.1&#8243; _module_preset=&#8221;default&#8221; global_colors_info=&#8221;{}&#8221;][et_pb_text _builder_version=&#8221;4.23.1&#8243; _module_preset=&#8221;default&#8221; text_font=&#8221;|700|||||||&#8221; text_text_color=&#8221;#f1f1f1&#8243; text_font_size=&#8221;50px&#8221; text_line_height=&#8221;64px&#8221; header_font=&#8221;|700|||||||&#8221; header_text_color=&#8221;#323F50&#8243; header_font_size=&#8221;60px&#8221; header_font_size_tablet=&#8221;60px&#8221; header_font_size_phone=&#8221;26px&#8221; header_font_size_last_edited=&#8221;on|phone&#8221; locked=&#8221;off&#8221; global_colors_info=&#8221;{}&#8221;]<\/p>\n<h1>tarif\u00eb<\/h1>\n<p>[\/et_pb_text][et_pb_text _builder_version=&#8221;4.23.1&#8243; _module_preset=&#8221;default&#8221; text_text_color=&#8221;#323F50&#8243; text_line_height=&#8221;1.4em&#8221; header_2_font=&#8221;|700|||||||&#8221; header_2_text_color=&#8221;#323F50&#8243; header_2_font_size=&#8221;30px&#8221; header_3_font=&#8221;|700|||||||&#8221; header_3_text_color=&#8221;#323F50&#8243; header_3_font_size=&#8221;30px&#8221; custom_padding_tablet=&#8221;&#8221; custom_padding_phone=&#8221;||20px||false|false&#8221; custom_padding_last_edited=&#8221;on|phone&#8221; text_font_size_tablet=&#8221;&#8221; text_font_size_phone=&#8221;19px&#8221; text_font_size_last_edited=&#8221;on|phone&#8221; header_2_font_size_tablet=&#8221;30px&#8221; header_2_font_size_phone=&#8221;22px&#8221; header_2_font_size_last_edited=&#8221;on|phone&#8221; custom_css_main_element=&#8221;font-weight: 400;&#8221; global_colors_info=&#8221;{}&#8221;]<\/p>\n<h2>fitojn\u00eb besimin<\/h2>\n<p>Sh\u00ebrbimi im kushton para. Sigurisht q\u00eb ju d\u00ebshironi t\u00eb dini se sa. Pyete veten paraprakisht, \u00e7far\u00eb dobie kam p\u00ebr ty?<\/p>\n<p>Lexoni k\u00ebtu:<span> <\/span><span style=\"text-decoration: underline;\"><a href=\"https:\/\/essen-strafverteidigung.de\/sq\/faq\/\"><strong>FAQ\/Informacion i dobish\u00ebm<\/strong><\/a><\/span><span> <\/span>dhe gjykoni vet\u00eb sa<span> <\/span><strong>K\u00ebshilla dhe informacione<\/strong><span> <\/span>ju keni marr\u00eb tashm\u00eb nga un\u00eb.<\/p>\n<p>[\/et_pb_text][\/et_pb_column][et_pb_column type=&#8221;1_2&#8243; _builder_version=&#8221;4.23.1&#8243; _module_preset=&#8221;default&#8221; global_colors_info=&#8221;{}&#8221;][et_pb_image src=&#8221;https:\/\/essen-strafverteidigung.de\/wp-content\/uploads\/2023\/11\/rabp_honorar.jpg&#8221; title_text=&#8221;rabp_fee&#8221; align=&#8221;center&#8221; _builder_version=&#8221;4.23.1&#8243; _module_preset=&#8221;default&#8221; max_height=&#8221;500px&#8221; global_colors_info=&#8221;{}&#8221;][\/et_pb_image][\/et_pb_column][\/et_pb_row][et_pb_row _builder_version=&#8221;4.23.1&#8243; _module_preset=&#8221;default&#8221; global_colors_info=&#8221;{}&#8221;][et_pb_column type=&#8221;4_4&#8243; _builder_version=&#8221;4.23.1&#8243; _module_preset=&#8221;default&#8221; global_colors_info=&#8221;{}&#8221;][et_pb_text _builder_version=&#8221;4.23.1&#8243; _module_preset=&#8221;default&#8221; header_2_font=&#8221;|700|||||||&#8221; header_2_text_color=&#8221;#323f50&#8243; header_2_font_size=&#8221;40px&#8221; header_2_line_height=&#8221;1.4em&#8221; header_2_font_size_tablet=&#8221;40px&#8221; header_2_font_size_phone=&#8221;26px&#8221; header_2_font_size_last_edited=&#8221;on|phone&#8221; locked=&#8221;off&#8221; global_colors_info=&#8221;{}&#8221;]<\/p>\n<h2>Un\u00eb e llogaris tarif\u00ebn time sipas dy opsioneve t\u00eb m\u00ebposhtme:<\/h2>\n<p>[\/et_pb_text][\/et_pb_column][\/et_pb_row][et_pb_row column_structure=&#8221;1_2,1_2&#8243; _builder_version=&#8221;4.23.1&#8243; _module_preset=&#8221;default&#8221; custom_padding=&#8221;0px||||false|false&#8221; global_colors_info=&#8221;{}&#8221;][et_pb_column type=&#8221;1_2&#8243; _builder_version=&#8221;4.23.1&#8243; _module_preset=&#8221;default&#8221; global_colors_info=&#8221;{}&#8221;][et_pb_text _builder_version=&#8221;4.23.1&#8243; _module_preset=&#8221;default&#8221; text_text_color=&#8221;#323F50&#8243; text_line_height=&#8221;1.4em&#8221; header_3_font=&#8221;|700|||||||&#8221; header_3_text_color=&#8221;#323F50&#8243; header_3_font_size=&#8221;30px&#8221; text_font_size_tablet=&#8221;&#8221; text_font_size_phone=&#8221;19px&#8221; text_font_size_last_edited=&#8221;on|phone&#8221; header_3_font_size_tablet=&#8221;30px&#8221; header_3_font_size_phone=&#8221;22px&#8221; header_3_font_size_last_edited=&#8221;on|phone&#8221; custom_css_main_element=&#8221;font-weight: 400;&#8221; global_colors_info=&#8221;{}&#8221;]<\/p>\n<h3>Mbrojt\u00ebsi i zgjedhjeve<\/h3>\n<p>Mund t\u00eb pun\u00ebsohem si avokat zgjedhor n\u00ebse m\u00eb paguani ekskluzivisht privatisht. Sa e lart\u00eb mund t\u00eb jet\u00eb kjo tarif\u00eb varet nga rasti individual dhe mund t\u00eb p\u00ebrcaktohet n\u00eb nj\u00eb bised\u00eb fillestare<span> <\/span><strong>provizorisht<\/strong><span> <\/span>t\u00eb vler\u00ebsohet.<\/p>\n<p>[\/et_pb_text][et_pb_text _builder_version=&#8221;4.25.0&#8243; _module_preset=&#8221;default&#8221; text_text_color=&#8221;#323F50&#8243; text_line_height=&#8221;1.4em&#8221; header_3_font=&#8221;|700|||||||&#8221; header_3_text_color=&#8221;#323F50&#8243; header_3_font_size=&#8221;30px&#8221; hover_enabled=&#8221;0&#8243; text_font_size_tablet=&#8221;&#8221; text_font_size_phone=&#8221;19px&#8221; text_font_size_last_edited=&#8221;on|phone&#8221; header_3_font_size_tablet=&#8221;30px&#8221; header_3_font_size_phone=&#8221;22px&#8221; header_3_font_size_last_edited=&#8221;on|phone&#8221; custom_css_main_element=&#8221;font-weight: 400;&#8221; global_colors_info=&#8221;{}&#8221; sticky_enabled=&#8221;0&#8243;]<\/p>\n<h3>Detajet e mbrojtjes zgjedhore<\/h3>\n<p>N\u00eb parim, ka tarifa fikse ose marr\u00ebveshje p\u00ebr nj\u00eb tarif\u00eb p\u00ebr or\u00eb.<br \/> <strong>Shum\u00eb p\u00ebraf\u00ebrsisht<\/strong><span> <\/span>Ju mund t\u00eb prisni nj\u00eb tarif\u00eb p\u00ebr or\u00eb prej 330,00 EUR bruto ose nj\u00eb tarif\u00eb fikse prej t\u00eb pakt\u00ebn 1,600,00 EUR bruto.<\/p>\n<p>Kjo ting\u00ebllon si shum\u00eb, por &#8211; sipas praktik\u00ebs gjyq\u00ebsore t\u00eb q\u00ebndrueshme, duke p\u00ebrfshir\u00eb gjykatat m\u00eb t\u00eb larta &#8211; \u00ebsht\u00eb n\u00eb gjysm\u00ebn e poshtme t\u00eb diapazonit t\u00eb lejuesh\u00ebm t\u00eb tarif\u00ebs s\u00eb faturimit p\u00ebr or\u00eb prej 180,00 euro bruto deri n\u00eb 600,00 euro bruto p\u00ebr avokat\u00ebt.<\/p>\n<p>Kjo pavar\u00ebsisht se prej 25 vitesh punoj ekskluzivisht n\u00eb fush\u00ebn e s\u00eb drejt\u00ebs penale dhe gjithashtu mbaj titullin e avokatit specialist p\u00ebr t\u00eb drejt\u00ebn penale dhe, si\u00e7 do ta vini re shpejt dhe do t\u00eb m\u00ebsoni ta vler\u00ebsoni, jam nj\u00eb kontakt i vazhduesh\u00ebm, i drejtp\u00ebrdrejt\u00eb. person.<\/p>\n<p>Lexoje timen<span> <\/span><strong>Vler\u00ebsimet e klient\u00ebve<\/strong><span> <\/span>dhe do t\u00eb keni nj\u00eb p\u00ebrshtypje t\u00eb mir\u00eb p\u00ebr pun\u00ebn time miq\u00ebsore ndaj klientit.<\/p>\n<p>[\/et_pb_text][\/et_pb_column][et_pb_column type=&#8221;1_2&#8243; _builder_version=&#8221;4.23.1&#8243; _module_preset=&#8221;default&#8221; global_colors_info=&#8221;{}&#8221;][et_pb_text _builder_version=&#8221;4.23.1&#8243; _module_preset=&#8221;default&#8221; text_text_color=&#8221;#323F50&#8243; text_line_height=&#8221;1.4em&#8221; header_3_font=&#8221;|700|||||||&#8221; header_3_text_color=&#8221;#323F50&#8243; header_3_font_size=&#8221;30px&#8221; text_font_size_tablet=&#8221;&#8221; text_font_size_phone=&#8221;19px&#8221; text_font_size_last_edited=&#8221;on|phone&#8221; header_3_font_size_tablet=&#8221;30px&#8221; header_3_font_size_phone=&#8221;22px&#8221; header_3_font_size_last_edited=&#8221;on|phone&#8221; custom_css_main_element=&#8221;font-weight: 400;&#8221; global_colors_info=&#8221;{}&#8221;]<\/p>\n<h3>mbrojt\u00ebs publik<\/h3>\n<p>Un\u00eb marr edhe mbrojtjen publike, <strong>por gjithmon\u00eb me nj\u00eb shtes\u00eb private t\u00eb barabart\u00eb me tarifat e mbrojt\u00ebsit publik.<\/strong><\/p>\n<p><strong><\/strong><\/p>\n<p>[\/et_pb_text][et_pb_text _builder_version=&#8221;4.23.1&#8243; _module_preset=&#8221;default&#8221; text_text_color=&#8221;#323F50&#8243; text_line_height=&#8221;1.4em&#8221; header_3_font=&#8221;|700|||||||&#8221; header_3_text_color=&#8221;#323F50&#8243; header_3_font_size=&#8221;30px&#8221; text_font_size_tablet=&#8221;&#8221; text_font_size_phone=&#8221;19px&#8221; text_font_size_last_edited=&#8221;on|phone&#8221; header_3_font_size_tablet=&#8221;30px&#8221; header_3_font_size_phone=&#8221;22px&#8221; header_3_font_size_last_edited=&#8221;on|phone&#8221; custom_css_main_element=&#8221;font-weight: 400;&#8221; global_colors_info=&#8221;{}&#8221;]<\/p>\n<h3>Detaje rreth mbrojtjes s\u00eb detyrueshme<\/h3>\n<p>Mund\u00ebsia e mbrojtjes s\u00eb detyrueshme ekziston vet\u00ebm n\u00eb disa raste t\u00eb rregulluara me ligj:<\/p>\n<p>P\u00ebr shembull, neni 140 StPO p\u00ebrcakton nevoj\u00ebn p\u00ebr nj\u00eb mbrojt\u00ebs publik n\u00eb rast krimi ose k\u00ebrc\u00ebnimi me d\u00ebnim prej nj\u00eb viti ose m\u00eb shum\u00eb.<\/p>\n<p>Kjo \u00ebsht\u00eb ajo q\u00eb gjykata mund t\u00eb b\u00ebj\u00eb p\u00ebr ju<span> <\/span><strong>\u00e7do avokat sipas zgjedhjes suaj<\/strong><span> <\/span>Cakto si mbrojt\u00ebs publik.<\/p>\n<p>T\u00eb<span> <\/span><strong>mbrojt\u00ebs publik<\/strong><span> <\/span>fillimisht shlyen llogarit\u00eb drejtp\u00ebrdrejt me shtetin. Shuma e k\u00ebtyre tarifave t\u00eb mbrojt\u00ebsit publik \u00ebsht\u00eb e rregulluar n\u00eb Aktin e Shp\u00ebrblimit t\u00eb Avokat\u00ebve, RVG.<\/p>\n<p>N\u00eb rast t\u00eb nj\u00eb d\u00ebnimi, shteti mund t&#8217;i rikuperoj\u00eb k\u00ebto shpenzime t\u00eb mbrojtjes nga personi i d\u00ebnuar.<\/p>\n<p>[\/et_pb_text][\/et_pb_column][\/et_pb_row][et_pb_row _builder_version=&#8221;4.23.1&#8243; _module_preset=&#8221;default&#8221; global_colors_info=&#8221;{}&#8221;][et_pb_column type=&#8221;4_4&#8243; _builder_version=&#8221;4.23.1&#8243; _module_preset=&#8221;default&#8221; global_colors_info=&#8221;{}&#8221;][et_pb_button button_url=&#8221;mailto:info@essen-strafverteidigung.de&#8221; button_text=&#8221;Pyetje t\u00eb m\u00ebtejshme n\u00eb lidhje me tarif\u00ebn? D\u00ebrgo mesazh tani.&#8221; button_alignment=&#8221;center&#8221; _builder_version=&#8221;4.23.1&#8243; _module_preset=&#8221;default&#8221; custom_button=&#8221;on&#8221; button_text_color=&#8221;#F1F1F1&#8243; button_bg_color=&#8221;#323F50&#8243; button_border_width=&#8221;0px&#8221; button_border_color=&#8221;#323F50&#8243; button_border_radius=&#8221;7px&#8221; button_use_icon=&#8221;off&#8221; custom_padding=&#8221;8px|40px|8px|40px|true|true&#8221; locked=&#8221;off&#8221; global_colors_info=&#8221;{}&#8221;][\/et_pb_button][\/et_pb_column][\/et_pb_row][\/et_pb_section]<\/p>\n","protected":false},"excerpt":{"rendered":"<p>tarif\u00ebfitojn\u00eb besimin Sh\u00ebrbimi im kushton para. Sigurisht q\u00eb ju d\u00ebshironi t\u00eb dini se sa. Pyete veten paraprakisht, \u00e7far\u00eb dobie kam p\u00ebr ty? Lexoni k\u00ebtu: FAQ\/Informacion i dobish\u00ebm dhe gjykoni vet\u00eb sa K\u00ebshilla dhe informacione ju keni marr\u00eb tashm\u00eb nga un\u00eb.Un\u00eb e llogaris tarif\u00ebn time sipas dy opsioneve t\u00eb m\u00ebposhtme:Mbrojt\u00ebsi i zgjedhjeve Mund t\u00eb pun\u00ebsohem si [&hellip;]<\/p>\n","protected":false},"author":1,"featured_media":0,"parent":0,"menu_order":0,"comment_status":"closed","ping_status":"closed","template":"","meta":{"_et_pb_use_builder":"on","_et_pb_old_content":"","_et_gb_content_width":"","footnotes":""},"class_list":["post-1081","page","type-page","status-publish","hentry"],"_links":{"self":[{"href":"https:\/\/essen-strafverteidigung.de\/sq\/wp-json\/wp\/v2\/pages\/1081","targetHints":{"allow":["GET"]}}],"collection":[{"href":"https:\/\/essen-strafverteidigung.de\/sq\/wp-json\/wp\/v2\/pages"}],"about":[{"href":"https:\/\/essen-strafverteidigung.de\/sq\/wp-json\/wp\/v2\/types\/page"}],"author":[{"embeddable":true,"href":"https:\/\/essen-strafverteidigung.de\/sq\/wp-json\/wp\/v2\/users\/1"}],"replies":[{"embeddable":true,"href":"https:\/\/essen-strafverteidigung.de\/sq\/wp-json\/wp\/v2\/comments?post=1081"}],"version-history":[{"count":10,"href":"https:\/\/essen-strafverteidigung.de\/sq\/wp-json\/wp\/v2\/pages\/1081\/revisions"}],"predecessor-version":[{"id":1566,"href":"https:\/\/essen-strafverteidigung.de\/sq\/wp-json\/wp\/v2\/pages\/1081\/revisions\/1566"}],"wp:attachment":[{"href":"https:\/\/essen-strafverteidigung.de\/sq\/wp-json\/wp\/v2\/media?parent=1081"}],"curies":[{"name":"wp","href":"https:\/\/api.w.org\/{rel}","templated":true}]}}