{"id":675,"date":"2023-11-28T15:13:30","date_gmt":"2023-11-28T14:13:30","guid":{"rendered":"https:\/\/essen-strafverteidigung.de\/taxa\/"},"modified":"2025-02-26T16:49:47","modified_gmt":"2025-02-26T15:49:47","slug":"taxa","status":"publish","type":"page","link":"https:\/\/essen-strafverteidigung.de\/ro\/taxa\/","title":{"rendered":"Taxa"},"content":{"rendered":"<p>[et_pb_section fb_built=&#8221;1&#8243; custom_padding_last_edited=&#8221;on|desktop&#8221; _builder_version=&#8221;4.23.1&#8243; _module_preset=&#8221;default&#8221; background_color=&#8221;#E1DFD8&#8243; custom_padding=&#8221;80px||||false|false&#8221; custom_padding_tablet=&#8221;80px||||false|false&#8221; custom_padding_phone=&#8221;80px||||false|false&#8221; global_colors_info=&#8221;{}&#8221;][et_pb_row column_structure=&#8221;1_2,1_2&#8243; make_equal=&#8221;on&#8221; module_class=&#8221;vertikales-zentrieren&#8221; _builder_version=&#8221;4.23.1&#8243; _module_preset=&#8221;default&#8221; custom_margin=&#8221;||50px||false|false&#8221; custom_margin_tablet=&#8221;||50px||false|false&#8221; custom_margin_phone=&#8221;||0px||false|false&#8221; custom_margin_last_edited=&#8221;on|phone&#8221; global_colors_info=&#8221;{}&#8221;][et_pb_column type=&#8221;1_2&#8243; _builder_version=&#8221;4.23.1&#8243; _module_preset=&#8221;default&#8221; global_colors_info=&#8221;{}&#8221;][et_pb_text _builder_version=&#8221;4.23.1&#8243; _module_preset=&#8221;default&#8221; text_font=&#8221;|700|||||||&#8221; text_text_color=&#8221;#f1f1f1&#8243; text_font_size=&#8221;50px&#8221; text_line_height=&#8221;64px&#8221; header_font=&#8221;|700|||||||&#8221; header_text_color=&#8221;#323F50&#8243; header_font_size=&#8221;60px&#8221; header_font_size_tablet=&#8221;60px&#8221; header_font_size_phone=&#8221;26px&#8221; header_font_size_last_edited=&#8221;on|phone&#8221; locked=&#8221;off&#8221; global_colors_info=&#8221;{}&#8221;]<\/p>\n<h1>Taxa<\/h1>\n<p>[\/et_pb_text][et_pb_text _builder_version=&#8221;4.23.1&#8243; _module_preset=&#8221;default&#8221; text_text_color=&#8221;#323F50&#8243; text_line_height=&#8221;1.4em&#8221; header_2_font=&#8221;|700|||||||&#8221; header_2_text_color=&#8221;#323F50&#8243; header_2_font_size=&#8221;30px&#8221; header_3_font=&#8221;|700|||||||&#8221; header_3_text_color=&#8221;#323F50&#8243; header_3_font_size=&#8221;30px&#8221; custom_padding_tablet=&#8221;&#8221; custom_padding_phone=&#8221;||20px||false|false&#8221; custom_padding_last_edited=&#8221;on|phone&#8221; text_font_size_tablet=&#8221;&#8221; text_font_size_phone=&#8221;19px&#8221; text_font_size_last_edited=&#8221;on|phone&#8221; header_2_font_size_tablet=&#8221;30px&#8221; header_2_font_size_phone=&#8221;22px&#8221; header_2_font_size_last_edited=&#8221;on|phone&#8221; custom_css_main_element=&#8221;font-weight: 400;&#8221; global_colors_info=&#8221;{}&#8221;]<\/p>\n<h2>C\u00e2\u0219tigarea \u00eencrederii<\/h2>\n<p>Serviciul meu cost\u0103 bani. Bine\u00een\u021beles c\u0103 vre\u021bi s\u0103 \u0219ti\u021bi c\u00e2t de mult. \u00centreab\u0103-te dinainte la ce \u00ee\u021bi sunt de folos.<\/p>\n<p>Citi\u021bi aici:<span> <\/span><span style=\"text-decoration: underline;\"><a href=\"https:\/\/essen-strafverteidigung.de\/ro\/intrebari-frecvente\/\"><strong>\u00centreb\u0103ri frecvente\/ informa\u021bii utile<\/strong><\/a><\/span><span> <\/span><span> <\/span><span> <\/span>\u0219i judeca\u021bi singuri c\u00e2te<strong>sfaturi \u0219i informa\u021bii<\/strong> a\u021bi primit deja de la mine.<\/p>\n<p>[\/et_pb_text][\/et_pb_column][et_pb_column type=&#8221;1_2&#8243; _builder_version=&#8221;4.23.1&#8243; _module_preset=&#8221;default&#8221; global_colors_info=&#8221;{}&#8221;][et_pb_image src=&#8221;https:\/\/essen-strafverteidigung.de\/wp-content\/uploads\/2023\/11\/rabp_honorar.jpg&#8221; title_text=&#8221;rabp_fee&#8221; align=&#8221;center&#8221; _builder_version=&#8221;4.23.1&#8243; _module_preset=&#8221;default&#8221; max_height=&#8221;500px&#8221; global_colors_info=&#8221;{}&#8221;][\/et_pb_image][\/et_pb_column][\/et_pb_row][et_pb_row _builder_version=&#8221;4.23.1&#8243; _module_preset=&#8221;default&#8221; global_colors_info=&#8221;{}&#8221;][et_pb_column type=&#8221;4_4&#8243; _builder_version=&#8221;4.23.1&#8243; _module_preset=&#8221;default&#8221; global_colors_info=&#8221;{}&#8221;][et_pb_text _builder_version=&#8221;4.23.1&#8243; _module_preset=&#8221;default&#8221; header_2_font=&#8221;|700|||||||&#8221; header_2_text_color=&#8221;#323f50&#8243; header_2_font_size=&#8221;40px&#8221; header_2_line_height=&#8221;1.4em&#8221; header_2_font_size_tablet=&#8221;40px&#8221; header_2_font_size_phone=&#8221;26px&#8221; header_2_font_size_last_edited=&#8221;on|phone&#8221; locked=&#8221;off&#8221; global_colors_info=&#8221;{}&#8221;]<\/p>\n<h2>\u00cemi calculez onorariul \u00een func\u021bie de urm\u0103toarele dou\u0103 op\u021biuni:<\/h2>\n<p>[\/et_pb_text][\/et_pb_column][\/et_pb_row][et_pb_row column_structure=&#8221;1_2,1_2&#8243; _builder_version=&#8221;4.23.1&#8243; _module_preset=&#8221;default&#8221; custom_padding=&#8221;0px||||false|false&#8221; global_colors_info=&#8221;{}&#8221;][et_pb_column type=&#8221;1_2&#8243; _builder_version=&#8221;4.23.1&#8243; _module_preset=&#8221;default&#8221; global_colors_info=&#8221;{}&#8221;][et_pb_text _builder_version=&#8221;4.23.1&#8243; _module_preset=&#8221;default&#8221; text_text_color=&#8221;#323F50&#8243; text_line_height=&#8221;1.4em&#8221; header_3_font=&#8221;|700|||||||&#8221; header_3_text_color=&#8221;#323F50&#8243; header_3_font_size=&#8221;30px&#8221; text_font_size_tablet=&#8221;&#8221; text_font_size_phone=&#8221;19px&#8221; text_font_size_last_edited=&#8221;on|phone&#8221; header_3_font_size_tablet=&#8221;30px&#8221; header_3_font_size_phone=&#8221;22px&#8221; header_3_font_size_last_edited=&#8221;on|phone&#8221; custom_css_main_element=&#8221;font-weight: 400;&#8221; global_colors_info=&#8221;{}&#8221;]<\/p>\n<h3>Avocatul ap\u0103r\u0103rii<\/h3>\n<p>Pot fi instruit ca avocat ales dac\u0103 m\u0103 pl\u0103ti\u021bi exclusiv \u00een mod privat. Valoarea acestui onorariu depinde de fiecare caz \u00een parte \u0219i poate fi discutat\u0103 \u00een cadrul unei \u00eent\u00e2lniri ini\u021biale.<span> <\/span><strong>preliminar<\/strong><span> <\/span>poate fi estimat\u0103.<\/p>\n<p>[\/et_pb_text][et_pb_text _builder_version=&#8221;4.25.0&#8243; _module_preset=&#8221;default&#8221; text_text_color=&#8221;#323F50&#8243; text_line_height=&#8221;1.4em&#8221; header_3_font=&#8221;|700|||||||&#8221; header_3_text_color=&#8221;#323F50&#8243; header_3_font_size=&#8221;30px&#8221; hover_enabled=&#8221;0&#8243; text_font_size_tablet=&#8221;&#8221; text_font_size_phone=&#8221;19px&#8221; text_font_size_last_edited=&#8221;on|phone&#8221; header_3_font_size_tablet=&#8221;30px&#8221; header_3_font_size_phone=&#8221;22px&#8221; header_3_font_size_last_edited=&#8221;on|phone&#8221; custom_css_main_element=&#8221;font-weight: 400;&#8221; global_colors_info=&#8221;{}&#8221; sticky_enabled=&#8221;0&#8243;]<\/p>\n<h3>Detalii despre ap\u0103rarea electoral\u0103<\/h3>\n<p><span> <\/span>\u00cen principiu, exist\u0103 onorarii forfetare sau convenirea unui tarif orar. \u00cen<strong>linii<\/strong><strong>mari,<\/strong> v\u0103 pute\u021bi a\u0219tepta la un tarif orar de 330,00 EUR brut sau la un onorariu forfetar de cel pu\u021bin 1.600,00 EUR brut.<\/p>\n<p>Sun\u0103 mult, dar &#8211; conform jurispruden\u021bei consacrate, inclusiv a instan\u021belor superioare &#8211; se situeaz\u0103 \u00een jum\u0103tatea inferioar\u0103 a intervalului admisibil al unui tarif orar de 180,00 EUR brut \u0219i 600,00 EUR brut pentru avoca\u021bi.<\/p>\n<p>Aceasta \u00een ciuda faptului c\u0103 lucrez exclusiv \u00een domeniul dreptului penal de 25 de ani \u0219i de\u021bin \u0219i titlul de avocat specializat \u00een drept penal \u0219i, dup\u0103 cum v\u0103 ve\u021bi da seama \u00een cur\u00e2nd \u0219i ve\u021bi ajunge s\u0103 aprecia\u021bi, sunt interlocutorul dumneavoastr\u0103 direct \u0219i permanent.<\/p>\n<p><span> <\/span><span> <\/span>Citi\u021bi<strong>recenziile<\/strong><strong>clien\u021bilor<\/strong> mei \u0219i ve\u021bi ob\u021bine o impresie bun\u0103 despre munca mea prietenoas\u0103 cu clien\u021bii.<\/p>\n<p>[\/et_pb_text][\/et_pb_column][et_pb_column type=&#8221;1_2&#8243; _builder_version=&#8221;4.23.1&#8243; _module_preset=&#8221;default&#8221; global_colors_info=&#8221;{}&#8221;][et_pb_text _builder_version=&#8221;4.23.1&#8243; _module_preset=&#8221;default&#8221; text_text_color=&#8221;#323F50&#8243; text_line_height=&#8221;1.4em&#8221; header_3_font=&#8221;|700|||||||&#8221; header_3_text_color=&#8221;#323F50&#8243; header_3_font_size=&#8221;30px&#8221; text_font_size_tablet=&#8221;&#8221; text_font_size_phone=&#8221;19px&#8221; text_font_size_last_edited=&#8221;on|phone&#8221; header_3_font_size_tablet=&#8221;30px&#8221; header_3_font_size_phone=&#8221;22px&#8221; header_3_font_size_last_edited=&#8221;on|phone&#8221; custom_css_main_element=&#8221;font-weight: 400;&#8221; global_colors_info=&#8221;{}&#8221;]<\/p>\n<h3>Avocat din oficiu<\/h3>\n<p>De asemenea, m\u0103 ocup \u0219i de cazuri de ap\u0103rare <strong>public\u0103, dar \u00eentotdeauna cu o plat\u0103 privat\u0103 suplimentar\u0103 \u00een aceea\u0219i sum\u0103 ca \u0219i onorariul avocatului din oficiu<\/strong>.<\/p>\n<p><strong><\/strong><\/p>\n<p>[\/et_pb_text][et_pb_text _builder_version=&#8221;4.23.1&#8243; _module_preset=&#8221;default&#8221; text_text_color=&#8221;#323F50&#8243; text_line_height=&#8221;1.4em&#8221; header_3_font=&#8221;|700|||||||&#8221; header_3_text_color=&#8221;#323F50&#8243; header_3_font_size=&#8221;30px&#8221; text_font_size_tablet=&#8221;&#8221; text_font_size_phone=&#8221;19px&#8221; text_font_size_last_edited=&#8221;on|phone&#8221; header_3_font_size_tablet=&#8221;30px&#8221; header_3_font_size_phone=&#8221;22px&#8221; header_3_font_size_last_edited=&#8221;on|phone&#8221; custom_css_main_element=&#8221;font-weight: 400;&#8221; global_colors_info=&#8221;{}&#8221;]<\/p>\n<h3>Detalii privind ap\u0103rarea obligatorie<\/h3>\n<p>Posibilitatea de ap\u0103rare obligatorie exist\u0103 doar pentru anumite cazuri reglementate de lege:<\/p>\n<p>Sec\u021biunea 140 din Codul de procedur\u0103 penal\u0103, de exemplu, stipuleaz\u0103 necesitatea unui avocat din oficiu \u00een cazul unei infrac\u021biuni sau al unei pedepse de un an sau mai mult.<\/p>\n<p>\u00cen conformitate cu aceasta, instan\u021ba<span> <\/span><strong>poate desemna orice avocat ales de dumneavoastr\u0103<\/strong><span> <\/span>ca avocat din oficiu.<\/p>\n<p>The<span> <\/span><strong>Avocat din oficiu<\/strong><span> <\/span>ini\u021bial deconteaz\u0103 direct cu statul. Cuantumul acestor onorarii ale avoca\u021bilor din oficiu este reglementat de Legea german\u0103 privind onorariile avoca\u021bilor (RVG).<\/p>\n<p>\u00cen cazul unei condamn\u0103ri, statul poate recupera aceste costuri de ap\u0103rare de la persoana condamnat\u0103.<\/p>\n<p>[\/et_pb_text][\/et_pb_column][\/et_pb_row][et_pb_row _builder_version=&#8221;4.23.1&#8243; _module_preset=&#8221;default&#8221; global_colors_info=&#8221;{}&#8221;][et_pb_column type=&#8221;4_4&#8243; _builder_version=&#8221;4.23.1&#8243; _module_preset=&#8221;default&#8221; global_colors_info=&#8221;{}&#8221;][et_pb_button button_url=&#8221;mailto:info@essen-strafverteidigung.de&#8221; button_text=&#8221;Alte \u00eentreb\u0103ri despre tax\u0103? Trimite\u021bi un mesaj acum.&#8221; button_alignment=&#8221;center&#8221; _builder_version=&#8221;4.23.1&#8243; _module_preset=&#8221;default&#8221; custom_button=&#8221;on&#8221; button_text_color=&#8221;#F1F1F1&#8243; button_bg_color=&#8221;#323F50&#8243; button_border_width=&#8221;0px&#8221; button_border_color=&#8221;#323F50&#8243; button_border_radius=&#8221;7px&#8221; button_use_icon=&#8221;off&#8221; custom_padding=&#8221;8px|40px|8px|40px|true|true&#8221; locked=&#8221;off&#8221; global_colors_info=&#8221;{}&#8221;][\/et_pb_button][\/et_pb_column][\/et_pb_row][\/et_pb_section]<\/p>\n","protected":false},"excerpt":{"rendered":"<p>TaxaC\u00e2\u0219tigarea \u00eencrederii Serviciul meu cost\u0103 bani. Bine\u00een\u021beles c\u0103 vre\u021bi s\u0103 \u0219ti\u021bi c\u00e2t de mult. \u00centreab\u0103-te dinainte la ce \u00ee\u021bi sunt de folos. Citi\u021bi aici: \u00centreb\u0103ri frecvente\/ informa\u021bii utile \u0219i judeca\u021bi singuri c\u00e2tesfaturi \u0219i informa\u021bii a\u021bi primit deja de la mine.\u00cemi calculez onorariul \u00een func\u021bie de urm\u0103toarele dou\u0103 op\u021biuni:Avocatul ap\u0103r\u0103rii Pot fi instruit ca avocat ales [&hellip;]<\/p>\n","protected":false},"author":1,"featured_media":0,"parent":0,"menu_order":0,"comment_status":"closed","ping_status":"closed","template":"","meta":{"_et_pb_use_builder":"on","_et_pb_old_content":"","_et_gb_content_width":"","footnotes":""},"class_list":["post-675","page","type-page","status-publish","hentry"],"_links":{"self":[{"href":"https:\/\/essen-strafverteidigung.de\/ro\/wp-json\/wp\/v2\/pages\/675","targetHints":{"allow":["GET"]}}],"collection":[{"href":"https:\/\/essen-strafverteidigung.de\/ro\/wp-json\/wp\/v2\/pages"}],"about":[{"href":"https:\/\/essen-strafverteidigung.de\/ro\/wp-json\/wp\/v2\/types\/page"}],"author":[{"embeddable":true,"href":"https:\/\/essen-strafverteidigung.de\/ro\/wp-json\/wp\/v2\/users\/1"}],"replies":[{"embeddable":true,"href":"https:\/\/essen-strafverteidigung.de\/ro\/wp-json\/wp\/v2\/comments?post=675"}],"version-history":[{"count":10,"href":"https:\/\/essen-strafverteidigung.de\/ro\/wp-json\/wp\/v2\/pages\/675\/revisions"}],"predecessor-version":[{"id":1565,"href":"https:\/\/essen-strafverteidigung.de\/ro\/wp-json\/wp\/v2\/pages\/675\/revisions\/1565"}],"wp:attachment":[{"href":"https:\/\/essen-strafverteidigung.de\/ro\/wp-json\/wp\/v2\/media?parent=675"}],"curies":[{"name":"wp","href":"https:\/\/api.w.org\/{rel}","templated":true}]}}