{"id":672,"date":"2023-11-28T15:13:30","date_gmt":"2023-11-28T14:13:30","guid":{"rendered":"https:\/\/essen-strafverteidigung.de\/oplata\/"},"modified":"2025-02-26T16:49:47","modified_gmt":"2025-02-26T15:49:47","slug":"oplata","status":"publish","type":"page","link":"https:\/\/essen-strafverteidigung.de\/pl\/oplata\/","title":{"rendered":"Op\u0142ata"},"content":{"rendered":"<p>[et_pb_section fb_built=&#8221;1&#8243; custom_padding_last_edited=&#8221;on|desktop&#8221; _builder_version=&#8221;4.23.1&#8243; _module_preset=&#8221;default&#8221; background_color=&#8221;#E1DFD8&#8243; custom_padding=&#8221;80px||||false|false&#8221; custom_padding_tablet=&#8221;80px||||false|false&#8221; custom_padding_phone=&#8221;80px||||false|false&#8221; global_colors_info=&#8221;{}&#8221;][et_pb_row column_structure=&#8221;1_2,1_2&#8243; make_equal=&#8221;on&#8221; module_class=&#8221;vertikales-zentrieren&#8221; _builder_version=&#8221;4.23.1&#8243; _module_preset=&#8221;default&#8221; custom_margin=&#8221;||50px||false|false&#8221; custom_margin_tablet=&#8221;||50px||false|false&#8221; custom_margin_phone=&#8221;||0px||false|false&#8221; custom_margin_last_edited=&#8221;on|phone&#8221; global_colors_info=&#8221;{}&#8221;][et_pb_column type=&#8221;1_2&#8243; _builder_version=&#8221;4.23.1&#8243; _module_preset=&#8221;default&#8221; global_colors_info=&#8221;{}&#8221;][et_pb_text _builder_version=&#8221;4.23.1&#8243; _module_preset=&#8221;default&#8221; text_font=&#8221;|700|||||||&#8221; text_text_color=&#8221;#f1f1f1&#8243; text_font_size=&#8221;50px&#8221; text_line_height=&#8221;64px&#8221; header_font=&#8221;|700|||||||&#8221; header_text_color=&#8221;#323F50&#8243; header_font_size=&#8221;60px&#8221; header_font_size_tablet=&#8221;60px&#8221; header_font_size_phone=&#8221;26px&#8221; header_font_size_last_edited=&#8221;on|phone&#8221; locked=&#8221;off&#8221; global_colors_info=&#8221;{}&#8221;]<\/p>\n<h1>Op\u0142ata<\/h1>\n<p>[\/et_pb_text][et_pb_text _builder_version=&#8221;4.23.1&#8243; _module_preset=&#8221;default&#8221; text_text_color=&#8221;#323F50&#8243; text_line_height=&#8221;1.4em&#8221; header_2_font=&#8221;|700|||||||&#8221; header_2_text_color=&#8221;#323F50&#8243; header_2_font_size=&#8221;30px&#8221; header_3_font=&#8221;|700|||||||&#8221; header_3_text_color=&#8221;#323F50&#8243; header_3_font_size=&#8221;30px&#8221; custom_padding_tablet=&#8221;&#8221; custom_padding_phone=&#8221;||20px||false|false&#8221; custom_padding_last_edited=&#8221;on|phone&#8221; text_font_size_tablet=&#8221;&#8221; text_font_size_phone=&#8221;19px&#8221; text_font_size_last_edited=&#8221;on|phone&#8221; header_2_font_size_tablet=&#8221;30px&#8221; header_2_font_size_phone=&#8221;22px&#8221; header_2_font_size_last_edited=&#8221;on|phone&#8221; custom_css_main_element=&#8221;font-weight: 400;&#8221; global_colors_info=&#8221;{}&#8221;]<\/p>\n<h2>Zdobywanie zaufania<\/h2>\n<p>Moja us\u0142uga kosztuje. Oczywi\u015bcie, \u017ce chcesz wiedzie\u0107 ile. Zadaj sobie wcze\u015bniej pytanie, do czego ci si\u0119 przydam.<\/p>\n<p>Przeczytaj tutaj:<span> <\/span><span style=\"text-decoration: underline;\"><a href=\"https:\/\/essen-strafverteidigung.de\/pl\/faq\/\"><strong>FAQ\/przydatne informacje<\/strong><\/a><\/span><span> <\/span><span> <\/span><span> <\/span>i sam oce\u0144, ile<strong>wskaz\u00f3wek i informacji<\/strong> ju\u017c ode mnie otrzyma\u0142e\u015b.<\/p>\n<p>[\/et_pb_text][\/et_pb_column][et_pb_column type=&#8221;1_2&#8243; _builder_version=&#8221;4.23.1&#8243; _module_preset=&#8221;default&#8221; global_colors_info=&#8221;{}&#8221;][et_pb_image src=&#8221;https:\/\/essen-strafverteidigung.de\/wp-content\/uploads\/2023\/11\/rabp_honorar.jpg&#8221; title_text=&#8221;rabp_fee&#8221; align=&#8221;center&#8221; _builder_version=&#8221;4.23.1&#8243; _module_preset=&#8221;default&#8221; max_height=&#8221;500px&#8221; global_colors_info=&#8221;{}&#8221;][\/et_pb_image][\/et_pb_column][\/et_pb_row][et_pb_row _builder_version=&#8221;4.23.1&#8243; _module_preset=&#8221;default&#8221; global_colors_info=&#8221;{}&#8221;][et_pb_column type=&#8221;4_4&#8243; _builder_version=&#8221;4.23.1&#8243; _module_preset=&#8221;default&#8221; global_colors_info=&#8221;{}&#8221;][et_pb_text _builder_version=&#8221;4.23.1&#8243; _module_preset=&#8221;default&#8221; header_2_font=&#8221;|700|||||||&#8221; header_2_text_color=&#8221;#323f50&#8243; header_2_font_size=&#8221;40px&#8221; header_2_line_height=&#8221;1.4em&#8221; header_2_font_size_tablet=&#8221;40px&#8221; header_2_font_size_phone=&#8221;26px&#8221; header_2_font_size_last_edited=&#8221;on|phone&#8221; locked=&#8221;off&#8221; global_colors_info=&#8221;{}&#8221;]<\/p>\n<h2>Obliczam moj\u0105 op\u0142at\u0119 zgodnie z nast\u0119puj\u0105cymi dwiema opcjami:<\/h2>\n<p>[\/et_pb_text][\/et_pb_column][\/et_pb_row][et_pb_row column_structure=&#8221;1_2,1_2&#8243; _builder_version=&#8221;4.23.1&#8243; _module_preset=&#8221;default&#8221; custom_padding=&#8221;0px||||false|false&#8221; global_colors_info=&#8221;{}&#8221;][et_pb_column type=&#8221;1_2&#8243; _builder_version=&#8221;4.23.1&#8243; _module_preset=&#8221;default&#8221; global_colors_info=&#8221;{}&#8221;][et_pb_text _builder_version=&#8221;4.23.1&#8243; _module_preset=&#8221;default&#8221; text_text_color=&#8221;#323F50&#8243; text_line_height=&#8221;1.4em&#8221; header_3_font=&#8221;|700|||||||&#8221; header_3_text_color=&#8221;#323F50&#8243; header_3_font_size=&#8221;30px&#8221; text_font_size_tablet=&#8221;&#8221; text_font_size_phone=&#8221;19px&#8221; text_font_size_last_edited=&#8221;on|phone&#8221; header_3_font_size_tablet=&#8221;30px&#8221; header_3_font_size_phone=&#8221;22px&#8221; header_3_font_size_last_edited=&#8221;on|phone&#8221; custom_css_main_element=&#8221;font-weight: 400;&#8221; global_colors_info=&#8221;{}&#8221;]<\/p>\n<h3>Obro\u0144ca<\/h3>\n<p>Mog\u0119 by\u0107 poinstruowany jako prawnik z wyboru, je\u015bli p\u0142acisz mi wy\u0142\u0105cznie prywatnie. Wysoko\u015b\u0107 tej op\u0142aty zale\u017cy od indywidualnego przypadku i mo\u017ce zosta\u0107 om\u00f3wiona podczas wst\u0119pnego spotkania.<span> <\/span><strong>wst\u0119pny<\/strong><span> <\/span>mo\u017cna oszacowa\u0107.<\/p>\n<p>[\/et_pb_text][et_pb_text _builder_version=&#8221;4.25.0&#8243; _module_preset=&#8221;default&#8221; text_text_color=&#8221;#323F50&#8243; text_line_height=&#8221;1.4em&#8221; header_3_font=&#8221;|700|||||||&#8221; header_3_text_color=&#8221;#323F50&#8243; header_3_font_size=&#8221;30px&#8221; hover_enabled=&#8221;0&#8243; text_font_size_tablet=&#8221;&#8221; text_font_size_phone=&#8221;19px&#8221; text_font_size_last_edited=&#8221;on|phone&#8221; header_3_font_size_tablet=&#8221;30px&#8221; header_3_font_size_phone=&#8221;22px&#8221; header_3_font_size_last_edited=&#8221;on|phone&#8221; custom_css_main_element=&#8221;font-weight: 400;&#8221; global_colors_info=&#8221;{}&#8221; sticky_enabled=&#8221;0&#8243;]<\/p>\n<h3>Szczeg\u00f3\u0142y dotycz\u0105ce obrony wybor\u00f3w<\/h3>\n<p><span> <\/span>Zasadniczo mo\u017cliwe s\u0105 op\u0142aty rycza\u0142towe lub uzgodnienie stawki godzinowej.<strong>Z<\/strong><strong>grubsza<\/strong> mo\u017cna oczekiwa\u0107 stawki godzinowej w wysoko\u015bci 330,00 EUR brutto lub op\u0142aty rycza\u0142towej w wysoko\u015bci co najmniej 1 600,00 EUR brutto.<\/p>\n<p>Brzmi to du\u017co, ale &#8211; zgodnie z utrwalonym orzecznictwem, w tym s\u0105d\u00f3w wy\u017cszej instancji &#8211; mie\u015bci si\u0119 w dolnej po\u0142owie dopuszczalnego przedzia\u0142u stawki godzinowej od 180,00 EUR brutto do 600,00 EUR brutto dla prawnik\u00f3w.<\/p>\n<p>Dzieje si\u0119 tak pomimo faktu, \u017ce od 25 lat pracuj\u0119 wy\u0142\u0105cznie w dziedzinie prawa karnego, a tak\u017ce posiadam tytu\u0142 specjalisty w dziedzinie prawa karnego i, jak wkr\u00f3tce zdasz sobie spraw\u0119 i docenisz, jestem Twoim sta\u0142ym bezpo\u015brednim kontaktem.<\/p>\n<p><span> <\/span><span> <\/span>Przeczytaj<strong>opinie<\/strong> moich klient\u00f3w, a uzyskasz dobre wra\u017cenie o mojej przyjaznej dla klienta pracy.<\/p>\n<p>[\/et_pb_text][\/et_pb_column][et_pb_column type=&#8221;1_2&#8243; _builder_version=&#8221;4.23.1&#8243; _module_preset=&#8221;default&#8221; global_colors_info=&#8221;{}&#8221;][et_pb_text _builder_version=&#8221;4.23.1&#8243; _module_preset=&#8221;default&#8221; text_text_color=&#8221;#323F50&#8243; text_line_height=&#8221;1.4em&#8221; header_3_font=&#8221;|700|||||||&#8221; header_3_text_color=&#8221;#323F50&#8243; header_3_font_size=&#8221;30px&#8221; text_font_size_tablet=&#8221;&#8221; text_font_size_phone=&#8221;19px&#8221; text_font_size_last_edited=&#8221;on|phone&#8221; header_3_font_size_tablet=&#8221;30px&#8221; header_3_font_size_phone=&#8221;22px&#8221; header_3_font_size_last_edited=&#8221;on|phone&#8221; custom_css_main_element=&#8221;font-weight: 400;&#8221; global_colors_info=&#8221;{}&#8221;]<\/p>\n<h3>Obro\u0144ca z urz\u0119du<\/h3>\n<p>Podejmuj\u0119 si\u0119 r\u00f3wnie\u017c spraw z zakresu obrony publicznej, <strong>ale zawsze z dodatkow\u0105 op\u0142at\u0105 prywatn\u0105 w tej samej wysoko\u015bci, co wynagrodzenie obro\u0144cy<\/strong> publicznego.<\/p>\n<p><strong><\/strong><\/p>\n<p>[\/et_pb_text][et_pb_text _builder_version=&#8221;4.23.1&#8243; _module_preset=&#8221;default&#8221; text_text_color=&#8221;#323F50&#8243; text_line_height=&#8221;1.4em&#8221; header_3_font=&#8221;|700|||||||&#8221; header_3_text_color=&#8221;#323F50&#8243; header_3_font_size=&#8221;30px&#8221; text_font_size_tablet=&#8221;&#8221; text_font_size_phone=&#8221;19px&#8221; text_font_size_last_edited=&#8221;on|phone&#8221; header_3_font_size_tablet=&#8221;30px&#8221; header_3_font_size_phone=&#8221;22px&#8221; header_3_font_size_last_edited=&#8221;on|phone&#8221; custom_css_main_element=&#8221;font-weight: 400;&#8221; global_colors_info=&#8221;{}&#8221;]<\/p>\n<h3>Szczeg\u00f3\u0142y dotycz\u0105ce obowi\u0105zkowej obrony<\/h3>\n<p>Mo\u017cliwo\u015b\u0107 obrony obligatoryjnej istnieje tylko w niekt\u00f3rych przypadkach regulowanych przez prawo:<\/p>\n<p>Sekcja 140 kodeksu post\u0119powania karnego, na przyk\u0142ad, przewiduje konieczno\u015b\u0107 posiadania obro\u0144cy z urz\u0119du w przypadku pope\u0142nienia przest\u0119pstwa lub skazania na kar\u0119 jednego roku lub wy\u017csz\u0105.<\/p>\n<p>Zgodnie z tym, s\u0105d<span> <\/span> mo\u017ce przydzieli\u0107<strong>dowolnego wybranego prawnika<\/strong><span> <\/span>jako obro\u0144c\u0119 z urz\u0119du.<\/p>\n<p>The<span> <\/span><strong>Obro\u0144ca z urz\u0119du<\/strong><span> <\/span>pocz\u0105tkowo rozlicza si\u0119 bezpo\u015brednio z pa\u0144stwem. Wysoko\u015b\u0107 wynagrodzenia obro\u0144cy z urz\u0119du jest regulowana przez niemieck\u0105 ustaw\u0119 o op\u0142atach adwokackich (RVG).<\/p>\n<p>W przypadku skazania, pa\u0144stwo mo\u017ce odzyska\u0107 te koszty obrony od osoby skazanej.<\/p>\n<p>[\/et_pb_text][\/et_pb_column][\/et_pb_row][et_pb_row _builder_version=&#8221;4.23.1&#8243; _module_preset=&#8221;default&#8221; global_colors_info=&#8221;{}&#8221;][et_pb_column type=&#8221;4_4&#8243; _builder_version=&#8221;4.23.1&#8243; _module_preset=&#8221;default&#8221; global_colors_info=&#8221;{}&#8221;][et_pb_button button_url=&#8221;mailto:info@essen-strafverteidigung.de&#8221; button_text=&#8221;Dalsze pytania dotycz\u0105ce op\u0142aty? Wy\u015blij wiadomo\u015b\u0107 teraz.&#8221; button_alignment=&#8221;center&#8221; _builder_version=&#8221;4.23.1&#8243; _module_preset=&#8221;default&#8221; custom_button=&#8221;on&#8221; button_text_color=&#8221;#F1F1F1&#8243; button_bg_color=&#8221;#323F50&#8243; button_border_width=&#8221;0px&#8221; button_border_color=&#8221;#323F50&#8243; button_border_radius=&#8221;7px&#8221; button_use_icon=&#8221;off&#8221; custom_padding=&#8221;8px|40px|8px|40px|true|true&#8221; locked=&#8221;off&#8221; global_colors_info=&#8221;{}&#8221;][\/et_pb_button][\/et_pb_column][\/et_pb_row][\/et_pb_section]<\/p>\n","protected":false},"excerpt":{"rendered":"<p>Op\u0142ataZdobywanie zaufania Moja us\u0142uga kosztuje. Oczywi\u015bcie, \u017ce chcesz wiedzie\u0107 ile. Zadaj sobie wcze\u015bniej pytanie, do czego ci si\u0119 przydam. Przeczytaj tutaj: FAQ\/przydatne informacje i sam oce\u0144, ilewskaz\u00f3wek i informacji ju\u017c ode mnie otrzyma\u0142e\u015b.Obliczam moj\u0105 op\u0142at\u0119 zgodnie z nast\u0119puj\u0105cymi dwiema opcjami:Obro\u0144ca Mog\u0119 by\u0107 poinstruowany jako prawnik z wyboru, je\u015bli p\u0142acisz mi wy\u0142\u0105cznie prywatnie. Wysoko\u015b\u0107 tej op\u0142aty [&hellip;]<\/p>\n","protected":false},"author":1,"featured_media":0,"parent":0,"menu_order":0,"comment_status":"closed","ping_status":"closed","template":"","meta":{"_et_pb_use_builder":"on","_et_pb_old_content":"","_et_gb_content_width":"","footnotes":""},"class_list":["post-672","page","type-page","status-publish","hentry"],"_links":{"self":[{"href":"https:\/\/essen-strafverteidigung.de\/pl\/wp-json\/wp\/v2\/pages\/672","targetHints":{"allow":["GET"]}}],"collection":[{"href":"https:\/\/essen-strafverteidigung.de\/pl\/wp-json\/wp\/v2\/pages"}],"about":[{"href":"https:\/\/essen-strafverteidigung.de\/pl\/wp-json\/wp\/v2\/types\/page"}],"author":[{"embeddable":true,"href":"https:\/\/essen-strafverteidigung.de\/pl\/wp-json\/wp\/v2\/users\/1"}],"replies":[{"embeddable":true,"href":"https:\/\/essen-strafverteidigung.de\/pl\/wp-json\/wp\/v2\/comments?post=672"}],"version-history":[{"count":8,"href":"https:\/\/essen-strafverteidigung.de\/pl\/wp-json\/wp\/v2\/pages\/672\/revisions"}],"predecessor-version":[{"id":1564,"href":"https:\/\/essen-strafverteidigung.de\/pl\/wp-json\/wp\/v2\/pages\/672\/revisions\/1564"}],"wp:attachment":[{"href":"https:\/\/essen-strafverteidigung.de\/pl\/wp-json\/wp\/v2\/media?parent=672"}],"curies":[{"name":"wp","href":"https:\/\/api.w.org\/{rel}","templated":true}]}}