{"id":642,"date":"2023-11-27T11:15:42","date_gmt":"2023-11-27T10:15:42","guid":{"rendered":"https:\/\/essen-strafverteidigung.de\/faq\/"},"modified":"2024-01-23T11:55:33","modified_gmt":"2024-01-23T10:55:33","slug":"faq","status":"publish","type":"page","link":"https:\/\/essen-strafverteidigung.de\/pl\/faq\/","title":{"rendered":"FAQ"},"content":{"rendered":"<p>[et_pb_section fb_built=&#8221;1&#8243; custom_padding_last_edited=&#8221;on|phone&#8221; _builder_version=&#8221;4.23.1&#8243; _module_preset=&#8221;default&#8221; background_color=&#8221;#E1DFD8&#8243; custom_padding=&#8221;200px||||false|false&#8221; custom_padding_tablet=&#8221;200px||||false|false&#8221; custom_padding_phone=&#8221;80px||||false|false&#8221; global_colors_info=&#8221;{}&#8221;][et_pb_row column_structure=&#8221;1_2,1_2&#8243; make_equal=&#8221;on&#8221; module_class=&#8221;vertikales-zentrieren&#8221; _builder_version=&#8221;4.23.1&#8243; _module_preset=&#8221;default&#8221; custom_margin=&#8221;||50px||false|false&#8221; custom_margin_tablet=&#8221;||50px||false|false&#8221; custom_margin_phone=&#8221;||0px||false|false&#8221; custom_margin_last_edited=&#8221;on|phone&#8221; hover_enabled=&#8221;0&#8243; locked=&#8221;off&#8221; global_colors_info=&#8221;{}&#8221; sticky_enabled=&#8221;0&#8243;][et_pb_column type=&#8221;1_2&#8243; _builder_version=&#8221;4.23.1&#8243; _module_preset=&#8221;default&#8221; global_colors_info=&#8221;{}&#8221;][et_pb_text _builder_version=&#8221;4.23.1&#8243; _module_preset=&#8221;default&#8221; text_font=&#8221;|700|||||||&#8221; text_text_color=&#8221;#f1f1f1&#8243; text_font_size=&#8221;50px&#8221; text_line_height=&#8221;64px&#8221; header_font=&#8221;|700|||||||&#8221; header_text_color=&#8221;#323F50&#8243; header_font_size=&#8221;60px&#8221; hover_enabled=&#8221;0&#8243; header_font_size_tablet=&#8221;60px&#8221; header_font_size_phone=&#8221;26px&#8221; header_font_size_last_edited=&#8221;on|phone&#8221; locked=&#8221;off&#8221; global_colors_info=&#8221;{}&#8221; sticky_enabled=&#8221;0&#8243; module_id=&#8221;FAQ \/ N\u00fctzliches&#8221;]<\/p>\n<h1>FAQ \/ Przydatne informacje<\/h1>\n<p>[\/et_pb_text][et_pb_text _builder_version=&#8221;4.23.1&#8243; _module_preset=&#8221;default&#8221; header_2_font=&#8221;||||||||&#8221; header_2_text_color=&#8221;#323f50&#8243; header_2_font_size=&#8221;40px&#8221; header_2_line_height=&#8221;1.4em&#8221; custom_margin_tablet=&#8221;&#8221; custom_margin_phone=&#8221;||20px||false|false&#8221; custom_margin_last_edited=&#8221;on|phone&#8221; header_font_size_tablet=&#8221;&#8221; header_font_size_phone=&#8221;22px&#8221; header_font_size_last_edited=&#8221;on|phone&#8221; header_2_font_size_tablet=&#8221;40px&#8221; header_2_font_size_phone=&#8221;22px&#8221; header_2_font_size_last_edited=&#8221;on|phone&#8221; locked=&#8221;off&#8221; global_colors_info=&#8221;{}&#8221;]<\/p>\n<h2>Odpowiedzi na najcz\u0119\u015bciej zadawane pytania dotycz\u0105ce prawa karnego<\/h2>\n<p>[\/et_pb_text][\/et_pb_column][et_pb_column type=&#8221;1_2&#8243; _builder_version=&#8221;4.23.1&#8243; _module_preset=&#8221;default&#8221; global_colors_info=&#8221;{}&#8221;][et_pb_image src=&#8221;https:\/\/essen-strafverteidigung.de\/wp-content\/uploads\/2023\/11\/rabp_faq-1.jpg&#8221; title_text=&#8221;rabp_faq&#8221; force_fullwidth=&#8221;on&#8221; _builder_version=&#8221;4.23.1&#8243; _module_preset=&#8221;default&#8221; global_colors_info=&#8221;{}&#8221;][\/et_pb_image][\/et_pb_column][\/et_pb_row][\/et_pb_section][et_pb_section fb_built=&#8221;1&#8243; _builder_version=&#8221;4.23.1&#8243; _module_preset=&#8221;default&#8221; background_color=&#8221;#E1DFD8&#8243; custom_padding=&#8221;0px||||false|false&#8221; global_colors_info=&#8221;{}&#8221;][et_pb_row _builder_version=&#8221;4.23.1&#8243; _module_preset=&#8221;default&#8221; max_width=&#8221;1080px&#8221; global_colors_info=&#8221;{}&#8221;][et_pb_column type=&#8221;4_4&#8243; _builder_version=&#8221;4.23.1&#8243; _module_preset=&#8221;default&#8221; global_colors_info=&#8221;{}&#8221;][dsm_faq dsm_open_bg_color=&#8221;#F1F1F1&#8243; dsm_open_toggle_padding=&#8221;||||false|false&#8221; dsm_close_bg_color=&#8221;#F1F1F1&#8243; dsm_open_font_icon=&#8221;&#x21;||divi||400&#8243; dsm_close_font_icon=&#8221;&#x22;||divi||400&#8243; dsm_icon_placement=&#8221;right&#8221; dsm_content_padding=&#8221;50px||||false|false&#8221; _builder_version=&#8221;4.23.1&#8243; _module_preset=&#8221;default&#8221; header_level=&#8221;h3&#8243; header_font=&#8221;|700|||||||&#8221; header_text_color=&#8221;#323F50&#8243; header_font_size=&#8221;18px&#8221; header_line_height=&#8221;1.4em&#8221; content_text_color=&#8221;#323F50&#8243; content_font_size=&#8221;16px&#8221; content_line_height=&#8221;1.4em&#8221; header_font_size_tablet=&#8221;18px&#8221; header_font_size_phone=&#8221;19px&#8221; header_font_size_last_edited=&#8221;on|phone&#8221; closed_header_font_size_tablet=&#8221;&#8221; closed_header_font_size_phone=&#8221;18px&#8221; closed_header_font_size_last_edited=&#8221;on|phone&#8221; custom_css_main_element=&#8221;font-weight: 400;&#8221; border_color_all_dsm_toggle_open_border=&#8221;#F1F1F1&#8243; border_color_all_dsm_toggle_closed_border=&#8221;#F1F1F1&#8243; global_colors_info=&#8221;{}&#8221;][dsm_faq_child dsm_title=&#8221;Czy rzeczywi\u015bcie potrzebuj\u0119 adwokata?&#8221; dsm_content=&#8221;<\/p>\n<p>Zdecydowanie: Tak!<\/p>\n<p>Jako oskar\u017cony masz do czynienia z policj\u0105, prokuratorami i s\u0119dziami, kt\u00f3rzy od lat uczestnicz\u0105 w post\u0119powaniach karnych. Kiedy w gr\u0119 wchodz\u0105 twoje pieni\u0105dze lub twoja wolno\u015b\u0107, czy nie wzi\u0105\u0142by\u015b na boisko do\u015bwiadczonego zawodnika, zamiast niemal na pewno przegrywa\u0107 w pojedynk\u0119?<\/p>\n<p>Dotyczy to r\u00f3wnie\u017c os\u00f3b, kt\u00f3re pope\u0142ni\u0142y przest\u0119pstwa i chc\u0105 si\u0119 do nich przyzna\u0107. Obro\u0144ca w sprawach karnych mo\u017ce najpierw sprawdzi\u0107 fakty dotycz\u0105ce sprawy; czy istniej\u0105 podstawy do uzasadnienia lub czy istniej\u0105 inne metody obrony? Nie powiniene\u015b r\u00f3wnie\u017c lekcewa\u017cy\u0107 rozwoju czynnik\u00f3w \u0142agodz\u0105cych, aby zmniejszy\u0107 sw\u00f3j wyrok.<\/p>\n<p>A ulubionym zwrotem s\u0119dziego karnego do odmawiaj\u0105cego oskar\u017conego jest zwykle: %22Mo\u017cesz m\u00f3wi\u0107, co chcesz, ale nie musimy wierzy\u0107 we wszystko, co m\u00f3wisz%22.<\/p>\n<p>Czy chcesz siedzie\u0107 sam na sali s\u0105dowej w takiej atmosferze?<\/p>\n<p>Zdajesz sobie spraw\u0119, \u017ce <strong>nigdy nie powiniene\u015b si\u0119 broni\u0107!<\/strong><\/p>\n<p>&#8221; _builder_version=&#8221;4.23.1&#8243; _module_preset=&#8221;default&#8221; header_item_level=&#8221;h3&#8243; header_item_font_size=&#8221;18px&#8221; content_text_color=&#8221;#323F50&#8243; custom_margin=&#8221;||20px||false|false&#8221; global_colors_info=&#8221;{}&#8221; parentOrderClass=&#8221;dsm_faq_0&#8243;][\/dsm_faq_child][dsm_faq_child dsm_title=&#8221;Jak znale\u017a\u0107 dobrego obro\u0144c\u0119 w sprawach karnych?&#8221; dsm_content=&#8221;<\/p>\n<p>M\u00f3wi\u0105c obrazowo: %22Nie oddaj\u0105c zepsutych but\u00f3w do naprawy w piekarni%22.<\/p>\n<p>Po pierwsze, poszukaj prawnika specjalizuj\u0105cego si\u0119 w prawie karnym. Wi\u0119kszo\u015b\u0107 z nich to prawnicy specjalizuj\u0105cy si\u0119 w prawie karnym. Ale jaki z tego po\u017cytek, je\u015bli ten specjalista jest r\u00f3wnie\u017c specjalist\u0105 od prawa najmu, prawa pracy, prawa rodzinnego i prawa socjalnego?<\/p>\n<p>Nawet po prawie 25 latach pracy wy\u0142\u0105cznie jako obro\u0144ca w sprawach karnych, nie mog\u0142em powiedzie\u0107, \u017ce sko\u0144czy\u0142em si\u0119 uczy\u0107. Dlatego m\u00f3wi\u0119: nie mo\u017cna zrobi\u0107 tak wiele %22dobrze%22. W\u0142a\u015bnie dlatego nie idziesz do prawnika, kt\u00f3ry ostatnio tak \u0142adnie przepchn\u0105\u0142 tw\u00f3j rozw\u00f3d ze spraw\u0105 karn\u0105. W ko\u0144cu stawk\u0105 jest Twoja wolno\u015b\u0107, a w przypadku grzywny, czasami znaczne sumy pieni\u0119dzy.<\/p>\n<p>Je\u015bli nadal szukasz dobrego obro\u0144cy w sprawach karnych, zadzwo\u0144 do mnie. Bezpo\u015bredni kontakt Moj\u0105 du\u017c\u0105 zalet\u0105 jest dost\u0119pno\u015b\u0107. Jaki b\u0119dzie z tego po\u017cytek, je\u015bli przez 14 dni b\u0119dziesz rozmawia\u0142 z asystentem prawnym dobrego adwokata, ale nie um\u00f3wisz si\u0119 na spotkanie? Trwaj\u0105ce post\u0119powanie karne mo\u017ce by\u0107 niezwykle stresuj\u0105ce, a niedo\u015bwiadczony klient zwykle ma wiele pyta\u0144. Nale\u017cy na nie odpowiedzie\u0107!<\/p>\n<p>&#8221; _builder_version=&#8221;4.23.1&#8243; _module_preset=&#8221;default&#8221; header_item_level=&#8221;h3&#8243; header_item_font_size=&#8221;18px&#8221; content_text_color=&#8221;#323F50&#8243; custom_margin=&#8221;||20px||false|false&#8221; global_colors_info=&#8221;{}&#8221; parentOrderClass=&#8221;dsm_faq_0&#8243;][\/dsm_faq_child][dsm_faq_child dsm_title=&#8221;Czy obro\u0144ca zawsze musi argumentowa\u0107? (&#8230;by\u0107 dobrym prawnikiem&#8230;)&#8221; dsm_content=&#8221;%22Wygra ten, kto b\u0119dzie wiedzia\u0142, kiedy walczy\u0107, a kiedy nie%22. &#8211; Sunzi<\/p>\n<p>Z tego powodu cz\u0119sto s\u0142yszany zarzut, \u017ce milcz\u0105cy prawnik na rozprawie g\u0142\u00f3wnej nie jest dobry, nie zawsze jest s\u0142uszny. Je\u015bli &#8211; a moi klienci s\u0105 &#8211; klient jest wcze\u015bniej poinformowany, wie, \u017ce dobry obro\u0144ca b\u0119dzie interweniowa\u0142 tylko wtedy, gdy sprawy potocz\u0105 si\u0119 dla niego \u017ale. Je\u015bli jestem spokojny w negocjacjach, wygl\u0105da to dobrze.<\/p>\n<p>Umiej\u0119tno\u015bci strategiczne i przegl\u0105d sytuacji &#8211; my\u015blenie nieszablonowe i przewidywanie krok\u00f3w systemu sprawiedliwo\u015bci w odpowiedzi &#8211; to praca dobrego obro\u0144cy w sprawach karnych! Jak dobry szachista. Ale w\u0142a\u015bnie dlatego lata do\u015bwiadczenia s\u0105 tak wa\u017cne.<\/p>\n<p>Stosowanie norm prawnych to tylko niewielka cz\u0119\u015b\u0107 pracy.<\/p>\n<p>Wiele lat temu broni\u0142em wielokrotnego rabusia bank\u00f3w (klient zmar\u0142, a s\u0119dziowie nie pe\u0142ni\u0105 ju\u017c swoich funkcji). Zosta\u0142 aresztowany na gor\u0105cym uczynku. Po kilku miesi\u0105cach aresztu, zaplanowano rozpraw\u0119 g\u0142\u00f3wn\u0105. S\u0105d nie zleci\u0142 sporz\u0105dzenia opinii bieg\u0142ego, mimo \u017ce spe\u0142nione zosta\u0142y przes\u0142anki do zastosowania tymczasowego aresztowania.<\/p>\n<p>Tytu\u0142em wyja\u015bnienia: w przypadku zarz\u0105dzenia tymczasowego aresztowania, sprawca zostaje skazany na bezterminowe pozbawienie wolno\u015bci po wydaniu rzeczywistego wyroku, wy\u0142\u0105cznie na podstawie jego zagro\u017cenia. Jest to uregulowane prawnie w \u00a7\u00a7 66 i nast\u0119pnych niemieckiego kodeksu karnego.<\/p>\n<p>By\u0142o zatem jasne, \u017ce przez g\u0142\u00f3wne przes\u0142uchanie przejdziemy spokojnie i szybko. \u015awiadkowie nie zostali wezwani z mojej inicjatywy, klient w pe\u0142ni przyzna\u0142 si\u0119 do zarzutu. Do minuty przed zamkni\u0119ciem przes\u0142uchania dowodowego powiedzia\u0142em tylko jedno zdanie: \u017cyczy\u0142em mu %22dzie\u0144 dobry%22.<\/p>\n<p>Nast\u0119pnie, &#8230; s\u0119dzia wskaza\u0142, \u017ce zosta\u0142y spe\u0142nione przes\u0142anki do zastosowania aresztu prewencyjnego!<\/p>\n<p>My\u015bl\u0119, \u017ce s\u0119dzia prowadz\u0105cy do dzi\u015b pami\u0119ta, jak bardzo by\u0142em zdenerwowany, z oburzeniem zdejmuj\u0105c szlafrok i rzucaj\u0105c go na st\u00f3\u0142; m\u00f3wi\u0105c o nieludzkim traktowaniu i praworz\u0105dno\u015bci po prawie 6 miesi\u0105cach w areszcie, gro\u017c\u0105c aresztem prewencyjnym na minut\u0119 przed zamkni\u0119ciem rozprawy dowodowej.<\/p>\n<p>Izba znikn\u0119\u0142a na p\u00f3\u0142 godziny na obrady, a g\u0142\u00f3wna rozprawa zosta\u0142a zamkni\u0119ta. Oczywi\u015bcie by\u0142o wi\u0119cej kar &#8211; ale nie areszt prewencyjny!<\/p>\n<p>Klient to zrozumia\u0142, by\u0142 przygotowany.&#8221; _builder_version=&#8221;4.23.1&#8243; _module_preset=&#8221;default&#8221; header_item_level=&#8221;h3&#8243; header_item_font_size=&#8221;18px&#8221; content_text_color=&#8221;#323F50&#8243; custom_margin=&#8221;||20px||false|false&#8221; global_colors_info=&#8221;{}&#8221; parentOrderClass=&#8221;dsm_faq_0&#8243;][\/dsm_faq_child][dsm_faq_child dsm_title=&#8221;Jak mam si\u0119 zachowywa\u0107, dop\u00f3ki nie porozmawiam z obro\u0144c\u0105?&#8221; dsm_content=&#8221;<\/p>\n<p>Dop\u00f3ki nie porozmawia\u0142em z prawnikiem: Cisza, wi\u0119c %22zamknij si\u0119%22!<\/p>\n<p>Oskar\u017cony ma prawo zachowa\u0107 milczenie. Na ka\u017cdym etapie post\u0119powania karnego. Dop\u00f3ki nie poinstruowa\u0142e\u015b obro\u0144cy i nie uzyska\u0142 on dost\u0119pu do akt, nie udzielaj \u017cadnych informacji o sobie ani o sprawie z w\u0142asnej inicjatywy.<\/p>\n<p>Oskar\u017ceni zostali ju\u017c skazani, poniewa\u017c w momencie wydania nakazu aresztowania pospiesznie o\u015bwiadczyli: %22Jestem osob\u0105 wymienion\u0105 w nakazie aresztowania%22.<\/p>\n<p>Istnieje r\u00f3wnie\u017c wiele wyrok\u00f3w skazuj\u0105cych, poniewa\u017c podejrzani (kt\u00f3rzy wcze\u015bniej byli znani tylko z nadzoru telekomunikacyjnego) podnie\u015bli g\u0142os na policji lub w s\u0105dzie.<\/p>\n<p>Wsp\u00f3lnik klienta zosta\u0142 skazany, poniewa\u017c odpowiedzia\u0142 twierdz\u0105co na nieszkodliwe pytanie %22Czy to twoje d\u017cinsy?%22. Podczas rozprawy g\u0142\u00f3wnej przeprowadzono ekspertyz\u0119 tekstyln\u0105 w celu por\u00f3wnania cech zagniece\u0144 jego d\u017cins\u00f3w z tymi na zdj\u0119ciach z monitoringu z napadu na bank. Zosta\u0142 skazany.<\/p>\n<p>&#8221; _builder_version=&#8221;4.23.1&#8243; _module_preset=&#8221;default&#8221; header_item_level=&#8221;h3&#8243; header_item_font_size=&#8221;18px&#8221; content_text_color=&#8221;#323F50&#8243; custom_margin=&#8221;||20px||false|false&#8221; global_colors_info=&#8221;{}&#8221; parentOrderClass=&#8221;dsm_faq_0&#8243;][\/dsm_faq_child][dsm_faq_child dsm_title=&#8221;Kiedy nale\u017cy wezwa\u0107 obro\u0144c\u0119?&#8221; dsm_content=&#8221;Odpowied\u017a: Wczoraj<\/p>\n<p>Tak wcze\u015bnie, jak to mo\u017cliwe, tj. gdy sam spodziewasz si\u0119 wszcz\u0119cia przeciwko Tobie post\u0119powania karnego. Przeszukanie lub nawet aresztowanie mo\u017ce by\u0107 nieuchronne &#8211; bez konieczno\u015bci wcze\u015bniejszego przes\u0142uchania.<\/p>\n<p>Najp\u00f3\u017aniej jednak po otrzymaniu formularza przes\u0142uchania od policji, a tym bardziej po dor\u0119czeniu aktu oskar\u017cenia.&#8221; _builder_version=&#8221;4.23.1&#8243; _module_preset=&#8221;default&#8221; header_item_level=&#8221;h3&#8243; header_item_font_size=&#8221;18px&#8221; content_text_color=&#8221;#323F50&#8243; custom_margin=&#8221;||20px||false|false&#8221; global_colors_info=&#8221;{}&#8221; parentOrderClass=&#8221;dsm_faq_0&#8243;][\/dsm_faq_child][dsm_faq_child dsm_title=&#8221;Co tak naprawd\u0119 oznacza &quot;zeznanie przeciwko zeznaniu&quot;?&#8221; dsm_content=&#8221;G\u0142\u00f3wnie: Nic!<\/p>\n<p>Niestety, to nie \u017cart: zbyt cz\u0119sta sytuacja, w kt\u00f3rej oskar\u017cony jest obci\u0105\u017cany tylko przez jednego \u015bwiadka, nie prowadzi automatycznie do po\u017c\u0105danego rezultatu: zeznania przeciwko zeznaniom z konsekwencj\u0105 uniewinnienia oskar\u017conego.<\/p>\n<p>Ale dlaczego nie?<\/p>\n<p>Odpowied\u017a: To zale\u017cy od swobodnej oceny dowod\u00f3w przez s\u0105d.<\/p>\n<p>S\u0119dzia karny ma swobod\u0119 w ocenie materia\u0142u dowodowego, czy jak to ujmuje \u00a7 261 Kodeksu post\u0119powania karnego: S\u0105d rozstrzyga o wynikach post\u0119powania dowodowego %22wed\u0142ug swobodnego przekonania powzi\u0119tego na podstawie ca\u0142okszta\u0142tu post\u0119powania%22.<\/p>\n<p>Tylko wtedy, gdy s\u0119dzia nie jest przekonany zeznaniami \u015bwiadka oskar\u017cenia, powstaje sytuacja zeznania przeciwko zeznaniu i oskar\u017cony musi zosta\u0107 uniewinniony.<\/p>\n<p>Z mojego do\u015bwiadczenia wynika jednak, \u017ce w 90% przypadk\u00f3w s\u0119dziowie nie maj\u0105 w\u0105tpliwo\u015bci co do prawdziwo\u015bci zezna\u0144 \u015bwiadk\u00f3w oskar\u017cenia i skazuj\u0105 na podstawie tych zezna\u0144, chyba \u017ce obro\u0144ca jest w stanie podwa\u017cy\u0107 tre\u015b\u0107 zezna\u0144 poprzez ich przes\u0142uchanie.&#8221; _builder_version=&#8221;4.23.1&#8243; _module_preset=&#8221;default&#8221; header_item_level=&#8221;h3&#8243; header_item_font_size=&#8221;18px&#8221; content_text_color=&#8221;#323F50&#8243; custom_margin=&#8221;||20px||false|false&#8221; global_colors_info=&#8221;{}&#8221; parentOrderClass=&#8221;dsm_faq_0&#8243;][\/dsm_faq_child][dsm_faq_child dsm_title=&#8221;Co zrobi dla mnie obro\u0144ca?&#8221; dsm_content=&#8221;Po pierwsze i najwa\u017cniejsze: sprawd\u017a pliki<\/p>\n<p>Oskar\u017cony mo\u017ce skorzysta\u0107 z pomocy obro\u0144cy na ka\u017cdym etapie post\u0119powania i tylko obro\u0144ca ma prawo wgl\u0105du do akt &#8211; tj. do zebrania dowod\u00f3w, kt\u00f3re zdaniem wymiaru sprawiedliwo\u015bci posiada przeciwko tobie. Nie maj\u0105c dost\u0119pu do akt, staj\u0105 przed s\u0105dem bez znajomo\u015bci fakt\u00f3w.<\/p>\n<p>Tylko znaj\u0105c akta, ty i tw\u00f3j obro\u0144ca b\u0119dziecie na r\u00f3wni z organami \u015bcigania!<\/p>\n<p>Czyni\u0105c to, obro\u0144ca jest zaanga\u017cowany wy\u0142\u0105cznie w Twoje interesy i jest \u015bci\u015ble zobowi\u0105zany do zachowania poufno\u015bci. Ponadto, jako organ wymiaru sprawiedliwo\u015bci, do obro\u0144c\u00f3w ma zastosowanie nast\u0119puj\u0105ca zasada: %22Nigdy nie k\u0142ami\u0119, ale nie musz\u0119 m\u00f3wi\u0107 wszystkiego, co wiem%22.&#8221; _builder_version=&#8221;4.23.1&#8243; _module_preset=&#8221;default&#8221; header_item_level=&#8221;h3&#8243; header_item_font_size=&#8221;18px&#8221; content_text_color=&#8221;#323F50&#8243; custom_margin=&#8221;||20px||false|false&#8221; global_colors_info=&#8221;{}&#8221; parentOrderClass=&#8221;dsm_faq_0&#8243;][\/dsm_faq_child][dsm_faq_child dsm_title=&#8221;Czy obro\u0144ca z urz\u0119du r\u00f3wnie\u017c jest po mojej stronie?&#8221; dsm_content=&#8221;<\/p>\n<p class=%22faq-item__short-answer%22>Zdecydowanie powinno tak by\u0107!<\/p>\n<div class=%22faq-item__desc%22>\n<p>Aby wyja\u015bni\u0107: obro\u0144ca z urz\u0119du jest obro\u0144c\u0105 &#8211;<span> <\/span><strong>r\u00f3wnie\u017c obro\u0144c\u0105 z wyboru<\/strong><span> <\/span> (<strong>!)<\/strong>&#8211; kt\u00f3ry mo\u017ce zosta\u0107 wyznaczony przez s\u0105d na mocy postanowienia s\u0105du.<\/p>\n<p>S\u0105d podejmie decyzj\u0119 o przydzieleniu adwokata jako obro\u0144cy z urz\u0119du, je\u015bli ty i adwokat z\u0142o\u017cycie wniosek o to i spe\u0142nione zostan\u0105 wymogi prawne dotycz\u0105ce obrony z urz\u0119du.<\/p>\n<p>Zalety: Po pierwsze, obro\u0144ca z urz\u0119du mo\u017ce rozlicza\u0107 si\u0119 ze skarbem pa\u0144stwa.<\/p>\n<p>Wada: Obro\u0144ca z urz\u0119du nie mo\u017ce zosta\u0107 zast\u0105piony przez innego prawnika bez dalszych ceregieli. W tym przypadku s\u0105d musi by\u0107 zaanga\u017cowany w rezygnacj\u0119 z mandatu!<\/p>\n<p>Je\u015bli si\u0119 tym nie zajmiesz, s\u0105d %22wymusi%22 na tobie jakiego\u015b prawnika. Nie musi to by\u0107 z\u0142y prawnik, ale po co ryzykowa\u0107, skoro wystarczy kr\u00f3tki kontakt z obro\u0144c\u0105 w sprawach karnych? Dlatego:<span> <\/span><a href=%22tel:+491722761732%22>Zadzwo\u0144 teraz!<\/a><\/p>\n<p>Kolejna wskaz\u00f3wka &#8211; w przypadku aresztowania nale\u017cy zwr\u00f3ci\u0107 uwag\u0119 na sformu\u0142owania w rozmowie z s\u0119dzi\u0105:<\/p>\n<p><strong><em>%22Niech prawnik<\/em><span> <\/span><em>zostanie mi przydzielony tylko na dzi\u015b%22<\/em><\/strong>.<\/p>\n<p>Oznacza to, \u017ce w sytuacji aresztowania jeste\u015b reprezentowany przez prawnika. Nast\u0119pnie znajd\u017a wybranego przez siebie prawnika.<\/p>\n<\/div>\n<p>&#8221; _builder_version=&#8221;4.23.1&#8243; _module_preset=&#8221;default&#8221; header_item_level=&#8221;h3&#8243; header_item_font_size=&#8221;18px&#8221; content_text_color=&#8221;#323F50&#8243; custom_margin=&#8221;||20px||false|false&#8221; global_colors_info=&#8221;{}&#8221; parentOrderClass=&#8221;dsm_faq_0&#8243;][\/dsm_faq_child][\/dsm_faq][\/et_pb_column][\/et_pb_row][\/et_pb_section]<\/p>\n","protected":false},"excerpt":{"rendered":"<p>FAQ \/ Przydatne informacjeOdpowiedzi na najcz\u0119\u015bciej zadawane pytania dotycz\u0105ce prawa karnego<div class=\"et_pb_with_border et_pb_module dsm_faq dsm_faq_0\">\n\t\t\t\t\n\t\t\t\t\n\t\t\t\t\n\t\t\t\t\n\t\t\t\t\n\t\t\t\t\n\t\t\t\t<div class=\"et_pb_module_inner\">\n\t\t\t\t\t<div class=\"dsm-faq-container dsm-front\" data-accordion=\"off\" data-open_first_item=\"off\">\n\t\t\t\t\n\t\t\t <\/div>\n\t\t\t \n\t\t\t\n\t\t\t\t<\/div>\n\t\t\t<\/div><div class=\"dsm_faq_child_0 dsm-faq-item-wrapper\">\n\t\t\t\t<div class=\"dsm-title-wrapper\">\n\t\t\t\t <div class=\"dsm-title-inner-wrapper\">\n\t\t\t\t   \n\t\t\t\t   \n\t\t\t\t   \n\t\t\t\t   \n\t\t\t\t   <h3 class=\"dsm-faq-title\">&#8221;Czy<\/h3>\n\t\t\t\t <\/div> \n\t\t\t\t <div class=\"dsm-faq-item-inner-wrapper\">\n\t\t\t\t   <div class=\"dsm_open_icon\"><span>!<\/span><\/div>\n\t\t\t\t   <div class=\"dsm_close_icon\"><span>\"<\/span><\/div>\n\t\t\t\t   \n\t\t\t\t   \n\t\t\t\t <\/div>\n\t\t\t\t<\/div>\n\t\t\t\t<div class=\"dsm-faq-content\">&#8221;Zdecydowanie:<\/div>\n\t\t\t <\/div>\n\t\t\t<\/p>\n","protected":false},"author":1,"featured_media":0,"parent":0,"menu_order":0,"comment_status":"closed","ping_status":"closed","template":"","meta":{"_et_pb_use_builder":"on","_et_pb_old_content":"","_et_gb_content_width":"","footnotes":""},"class_list":["post-642","page","type-page","status-publish","hentry"],"_links":{"self":[{"href":"https:\/\/essen-strafverteidigung.de\/pl\/wp-json\/wp\/v2\/pages\/642","targetHints":{"allow":["GET"]}}],"collection":[{"href":"https:\/\/essen-strafverteidigung.de\/pl\/wp-json\/wp\/v2\/pages"}],"about":[{"href":"https:\/\/essen-strafverteidigung.de\/pl\/wp-json\/wp\/v2\/types\/page"}],"author":[{"embeddable":true,"href":"https:\/\/essen-strafverteidigung.de\/pl\/wp-json\/wp\/v2\/users\/1"}],"replies":[{"embeddable":true,"href":"https:\/\/essen-strafverteidigung.de\/pl\/wp-json\/wp\/v2\/comments?post=642"}],"version-history":[{"count":2,"href":"https:\/\/essen-strafverteidigung.de\/pl\/wp-json\/wp\/v2\/pages\/642\/revisions"}],"predecessor-version":[{"id":1012,"href":"https:\/\/essen-strafverteidigung.de\/pl\/wp-json\/wp\/v2\/pages\/642\/revisions\/1012"}],"wp:attachment":[{"href":"https:\/\/essen-strafverteidigung.de\/pl\/wp-json\/wp\/v2\/media?parent=642"}],"curies":[{"name":"wp","href":"https:\/\/api.w.org\/{rel}","templated":true}]}}