{"id":1136,"date":"2023-11-28T10:39:13","date_gmt":"2023-11-28T09:39:13","guid":{"rendered":"https:\/\/essen-strafverteidigung.de\/impressum\/"},"modified":"2025-05-19T12:52:11","modified_gmt":"2025-05-19T10:52:11","slug":"impressum","status":"publish","type":"page","link":"https:\/\/essen-strafverteidigung.de\/pl\/impressum\/","title":{"rendered":"Impressum"},"content":{"rendered":"<p>[et_pb_section fb_built=&#8221;1&#8243; _builder_version=&#8221;4.23.1&#8243; _module_preset=&#8221;default&#8221; background_color=&#8221;#F1F1F1&#8243; custom_padding=&#8221;200px||||false|false&#8221; global_colors_info=&#8221;{}&#8221;][et_pb_row _builder_version=&#8221;4.23.1&#8243; _module_preset=&#8221;default&#8221; global_colors_info=&#8221;{}&#8221;][et_pb_column type=&#8221;4_4&#8243; _builder_version=&#8221;4.23.1&#8243; _module_preset=&#8221;default&#8221; global_colors_info=&#8221;{}&#8221;][et_pb_text _builder_version=&#8221;4.25.0&#8243; _module_preset=&#8221;default&#8221; text_text_color=&#8221;#323F50&#8243; header_font=&#8221;|700|||||||&#8221; header_font_size=&#8221;40px&#8221; header_line_height=&#8221;48px&#8221; hover_enabled=&#8221;0&#8243; custom_css_main_element=&#8221;font-weight: 400;&#8221; global_colors_info=&#8221;{}&#8221; sticky_enabled=&#8221;0&#8243;]<\/p>\n<h1 class=\"tlir__title title-line title-line--dark-blue\">Impressum<\/h1>\n<div class=\"tlir__content\">\n<p>Angaben gem\u00e4\u00df \u00a7 5 TMG, \u00a7 6 Mediendienste-Staatsvertrag, DL-InfoV, und TDG:<\/p>\n<p>Rechtsanw\u00e4ltin<br \/>\nP. Br\u00fcchert-Pastor<br \/>\ngeb. Makalowski<br \/>\nFachanw\u00e4ltin f\u00fcr Strafrecht<\/p>\n<p>Altendorfer Str. 313<br \/>\n45143 Essen<\/p>\n<p>Mobil: 0172 27 617 32<br \/>\nFax: 0201 \u2013 86 28 41 18<br \/>\nE-Mail:\u00a0info [at] essen-strafverteidigung.de<\/p>\n<p>Die Rechtsanw\u00e4ltin der Kanzlei ist nach dem Recht der Bundesrepublik Deutschland zugelassen und Mitglieder der Rechtsanwaltskammer Hamm, Ostenallee 18, 59063 Hamm,\u00a0<a href=\"mailto:info@rak-hamm.de\">info@rak-hamm.de<\/a>,\u00a0<a href=\"http:\/\/www.rak-hamm.de\/\" target=\"_blank\" rel=\"noopener\">www.rak-hamm.de<\/a>.<\/p>\n<p><strong>Umsatzsteuernummer<\/strong><span>\u00a0<\/span>Finanzamt Essen-NordOst: 111\/5037\/3038<\/p>\n<p><strong>Berufshaftpflichtversicherung<\/strong>\/Verm\u00f6gensschaden-Vers.: Generali Versicherung AG, Adenauerring 7-9, 81737 M\u00fcnchen<\/p>\n<p><strong>R\u00e4umlicher Geltungsbereich:<\/strong><br \/>\nIm gesamten EU-Gebiet und in Staaten des Abkommens \u00fcber den europ\u00e4ischen Wirtschaftsraum<\/p>\n<p><strong>Berufsrechtliche Regelungen:<br \/>\n<\/strong>Es gelten die folgenden berufsrechtlichen Regelungen:<\/p>\n<p>Bundesrechtsanwaltsordnung (BRAO)<br \/>\nBerufsordnung (BORA):<br \/>\nFachanwaltsordnung (FAO)<br \/>\nRechtsanwaltsverg\u00fctungsgesetz (RVG)<br \/>\nBerufsregeln der Rechtsanw\u00e4lte der Europ\u00e4ischen Union (CCBE)<br \/>\nGesetz \u00fcber die T\u00e4tigkeit Europ\u00e4ischer Rechtsanw\u00e4lte in Deutschland \u2013 EURAG<br \/>\nGeldw\u00e4schebek\u00e4mpfungsgesetz (GWG)<br \/>\nVerordnung \u00fcber Informationspflichten f\u00fcr Dienstleistungserbringer \u2013 DL-InfoV<\/p>\n<p>Die entsprechenden Texte und die berufsrechtlichen Regelungen f\u00fcr Rechtsanw\u00e4lte k\u00f6nnen \u00fcber die Homepage der Bundesrechtsanwaltskammer (www.brak.de) in der Rubrik \u201eBerufsregeln und Rechtsprechung\u201c auf Deutsch und Englisch eingesehen und abgerufen werden.<br \/>\nDie Wahrnehmung widerstreitender Interessen ist Rechtsanw\u00e4lten aufgrund berufsrechtlicher Regelungen untersagt (43 a Abs. 4 BRAO). Vor Annahme oder w\u00e4hrend der Aus\u00fcbung eines Mandates wird deshalb immer gepr\u00fcft, ob ein Interessenkonflikt vorliegt oder entstehen kann.<\/p>\n<p><strong>Haftung f\u00fcr Inhalte\/Haftungsausschluss<\/strong><br \/>\nDiese Website dient ausschlie\u00dflich Ihrer Information. Sie dient<span>\u00a0<\/span><u>nicht<\/u><span>\u00a0<\/span>dazu, konkreten oder bestimmten Rechtsrat zu erteilen, zu ersetzen oder ein Mandat anzubahnen.<\/p>\n<p>Trotz sorgf\u00e4ltiger inhaltlicher Kontrolle unserer Webseite \u00fcbernehmen wir keine Haftung f\u00fcr die Richtigkeit, Vollst\u00e4ndigkeit und Aktualit\u00e4t der Inhalte. Im \u00dcbrigen gilt \u00a77 Telemedien-gesetz (TMG).<\/p>\n<p><strong>Haftung f\u00fcr Links<br \/>\n<\/strong>Soweit die Webseite auch Links zu anderen Anbietern enth\u00e4lt, so haben wir auf deren Inhalt und Gestaltung keinen Einfluss. F\u00fcr all diese Links erkl\u00e4re ich ausdr\u00fccklich, dass ich mich ausdr\u00fccklich von allen Inhalten aller auf meinen Seiten gelinkten Seiten distanziere. Ich mache mir deren Inhalt nicht zu eigen. Die verlinkten Seiten wurden zum Zeitpunkt der Verlinkung auf m\u00f6gliche Rechtsverst\u00f6\u00dfe \u00fcberpr\u00fcft. Rechtswidrige Inhalte waren zu diesem Zeitpunkt nicht erkennbar. Eine permanente inhaltliche Kontrolle dieser verlinkten Seiten findet nicht statt.<\/p>\n<p><strong>Urheberrecht<br \/>\n<\/strong>Der Betreiber der Seiten ist bem\u00fcht, stets die Urheberrechte anderer zu beachten bzw. auf selbst erstellte sowie lizenzfreie Werke zur\u00fcckzugreifen.<\/p>\n<p>Die durch die Seitenbetreiber erstellten Inhalte und Werke auf diese Seiten unterliegen dem deutschen Urheberrecht. Beitr\u00e4ge Dritter sind als solche gekennzeichnet. Die Vervielf\u00e4ltigung, Bearbeitung, Verbreitung und jede Art der Verwertung au\u00dferhalb der Grenzen des Urheberrechtes bed\u00fcrfen der schriftlichen Zustimmung.<\/p>\n<p><strong>Datenschutz<\/strong><strong><br \/>\n<\/strong>Unsere Datenschutzerkl\u00e4rung finden Sie hier:<span>\u00a0<\/span><a href=\"https:\/\/www.essen-strafverteidigung.de\/index.php\/datenschutz\">www.essen-strafverteidigung.de\/index.php\/datenschutz<\/a><\/p>\n<p><strong>Hinweise zum Verbraucherstreitbeilegungsgesetz (VSBG)<\/strong><strong><br \/>\n<\/strong>F\u00fcr verm\u00f6gensrechtlichen Streitigkeiten aus dem Mandatsverh\u00e4ltnis ist zust\u00e4ndige Verbraucherschlichtungsstelle zwischen Mandanten und Rechtsanwalt die Schlichtungsstelle der Rechtsanwaltschaft, Neue Gr\u00fcnstra\u00dfe 17 in 10179 Berlin,\u00a0<a href=\"http:\/\/www.s-d-r.org\/\" target=\"_blank\" rel=\"noopener\">www.s-d-r.org<\/a>. Wir sind gesetzlich nicht verpflichtet und auch nicht bereit, an Streitbeilegungsverfahren bei der Schlichtungsstelle der Rechtsanwaltschaft teilzunehmen. Hinweise zur Online-Streitbeilegung der EU (OS-Plattform). Die Europ\u00e4ische Kommission stellt eine Plattform zur Online-Streitbeilegung (OS) bereit, die Sie unter\u00a0<a href=\"https:\/\/ec.europa.eu\/consumers\/odr\/main\/index.cfm?event=main.home.chooseLanguage\" target=\"_blank\" rel=\"noopener\">https:\/\/ec.europa.eu\/consumers\/odr\/main\/index.cfm?event=main.home.chooseLanguage\u00a0<\/a>finden. Meine E-Mail-Adresse f\u00fcr Verbraucherbeschwerden lautet:\u00a0<a href=\"mailto:kanzlei.bp@t-online.de\">kanzlei.bp@t-online.de<\/a><\/p>\n<p><strong>Verantwortlicher f\u00fcr journalistisch-redaktionelle Inhalte gem. \u00a755 II RStV:<br \/>\n<\/strong>Rechtsanw\u00e4ltin Petra Br\u00fcchert-Pastor<\/p>\n<p><strong>Bildnachweis<\/strong><\/p>\n<p>(c) PantherMedia \/ aetb (YAYMicro)<br \/>\n(c) PantherMedia \/ HASLOO<br \/>\n(c) PantherMedia \/ Andriy Popo<br \/>\n\u00a9 PantherMedia \/Yaroslav_astakhov (YAYMicro)<br \/>\n\u00a9 PantherMedia \/make (YAYMicro)<br \/>\n\u00a9 PantherMedia \/stockwerk-fotodesign<br \/>\n\u00a9 PantherMedia \/Andriy Popov<br \/>\n\u00a9 PantherMedia \/Waldemar Thaut<br \/>\n\u00a9 PantherMedia \/michaklootwijk (YAYMicro)<br \/>\n\u00a9 PantherMedia \/mrwed54 (YAYMicro)<br \/>\n@ marjan4782@gmail.com\/shotshop.com<br \/>\n@ lisafx\/shotshop.com<\/p>\n<\/div>\n<p>[\/et_pb_text][\/et_pb_column][\/et_pb_row][\/et_pb_section]<\/p>\n","protected":false},"excerpt":{"rendered":"<p>Impressum Angaben gem\u00e4\u00df \u00a7 5 TMG, \u00a7 6 Mediendienste-Staatsvertrag, DL-InfoV, und TDG: Rechtsanw\u00e4ltin P. Br\u00fcchert-Pastor geb. Makalowski Fachanw\u00e4ltin f\u00fcr Strafrecht Altendorfer Str. 313 45143 Essen Mobil: 0172 27 617 32 Fax: 0201 \u2013 86 28 41 18 E-Mail:\u00a0info [at] essen-strafverteidigung.de Die Rechtsanw\u00e4ltin der Kanzlei ist nach dem Recht der Bundesrepublik Deutschland zugelassen und Mitglieder der [&hellip;]<\/p>\n","protected":false},"author":1,"featured_media":0,"parent":0,"menu_order":0,"comment_status":"closed","ping_status":"closed","template":"","meta":{"_et_pb_use_builder":"on","_et_pb_old_content":"","_et_gb_content_width":"","footnotes":""},"class_list":["post-1136","page","type-page","status-publish","hentry"],"_links":{"self":[{"href":"https:\/\/essen-strafverteidigung.de\/pl\/wp-json\/wp\/v2\/pages\/1136","targetHints":{"allow":["GET"]}}],"collection":[{"href":"https:\/\/essen-strafverteidigung.de\/pl\/wp-json\/wp\/v2\/pages"}],"about":[{"href":"https:\/\/essen-strafverteidigung.de\/pl\/wp-json\/wp\/v2\/types\/page"}],"author":[{"embeddable":true,"href":"https:\/\/essen-strafverteidigung.de\/pl\/wp-json\/wp\/v2\/users\/1"}],"replies":[{"embeddable":true,"href":"https:\/\/essen-strafverteidigung.de\/pl\/wp-json\/wp\/v2\/comments?post=1136"}],"version-history":[{"count":2,"href":"https:\/\/essen-strafverteidigung.de\/pl\/wp-json\/wp\/v2\/pages\/1136\/revisions"}],"predecessor-version":[{"id":1580,"href":"https:\/\/essen-strafverteidigung.de\/pl\/wp-json\/wp\/v2\/pages\/1136\/revisions\/1580"}],"wp:attachment":[{"href":"https:\/\/essen-strafverteidigung.de\/pl\/wp-json\/wp\/v2\/media?parent=1136"}],"curies":[{"name":"wp","href":"https:\/\/api.w.org\/{rel}","templated":true}]}}