{"id":1292,"date":"2023-11-27T11:15:42","date_gmt":"2023-11-27T10:15:42","guid":{"rendered":"https:\/\/essen-strafverteidigung.de\/preguntas-frecuentes\/"},"modified":"2024-04-04T10:14:13","modified_gmt":"2024-04-04T08:14:13","slug":"preguntas-frecuentes","status":"publish","type":"page","link":"https:\/\/essen-strafverteidigung.de\/es\/preguntas-frecuentes\/","title":{"rendered":"PREGUNTAS FRECUENTES"},"content":{"rendered":"<p>[et_pb_section fb_built=\u00bb1&#8243; custom_padding_last_edited=\u00bbon|phone\u00bb _builder_version=\u00bb4.23.1&#8243; _module_preset=\u00bbdefault\u00bb background_color=\u00bb#E1DFD8&#8243; custom_padding=\u00bb200px||||false|false\u00bb custom_padding_tablet=\u00bb200px||||false|false\u00bb custom_padding_phone=\u00bb80px||||false|false\u00bb global_colors_info=\u00bb{}\u00bb][et_pb_row column_structure=\u00bb1_2,1_2&#8243; make_equal=\u00bbon\u00bb module_class=\u00bbvertikales-zentrieren\u00bb _builder_version=\u00bb4.23.1&#8243; _module_preset=\u00bbdefault\u00bb custom_margin=\u00bb||50px||false|false\u00bb custom_margin_tablet=\u00bb||50px||false|false\u00bb custom_margin_phone=\u00bb||0px||false|false\u00bb custom_margin_last_edited=\u00bbon|phone\u00bb hover_enabled=\u00bb0&#8243; locked=\u00bboff\u00bb global_colors_info=\u00bb{}\u00bb sticky_enabled=\u00bb0&#8243;][et_pb_column type=\u00bb1_2&#8243; _builder_version=\u00bb4.23.1&#8243; _module_preset=\u00bbdefault\u00bb global_colors_info=\u00bb{}\u00bb][et_pb_text _builder_version=\u00bb4.23.1&#8243; _module_preset=\u00bbdefault\u00bb text_font=\u00bb|700|||||||\u00bb text_text_color=\u00bb#f1f1f1&#8243; text_font_size=\u00bb50px\u00bb text_line_height=\u00bb64px\u00bb header_font=\u00bb|700|||||||\u00bb header_text_color=\u00bb#323F50&#8243; header_font_size=\u00bb60px\u00bb hover_enabled=\u00bb0&#8243; header_font_size_tablet=\u00bb60px\u00bb header_font_size_phone=\u00bb26px\u00bb header_font_size_last_edited=\u00bbon|phone\u00bb locked=\u00bboff\u00bb global_colors_info=\u00bb{}\u00bb sticky_enabled=\u00bb0&#8243; module_id=\u00bbFAQ \/ N\u00fctzliches\u00bb]<\/p>\n<h1>FAQ \/ Informaci\u00f3n \u00fatil<\/h1>\n<p>[\/et_pb_text][et_pb_text _builder_version=\u00bb4.23.1&#8243; _module_preset=\u00bbdefault\u00bb header_2_font=\u00bb||||||||\u00bb header_2_text_color=\u00bb#323f50&#8243; header_2_font_size=\u00bb40px\u00bb header_2_line_height=\u00bb1.4em\u00bb custom_margin_tablet=\u00bb\u00bb custom_margin_phone=\u00bb||20px||false|false\u00bb custom_margin_last_edited=\u00bbon|phone\u00bb header_font_size_tablet=\u00bb\u00bb header_font_size_phone=\u00bb22px\u00bb header_font_size_last_edited=\u00bbon|phone\u00bb header_2_font_size_tablet=\u00bb40px\u00bb header_2_font_size_phone=\u00bb22px\u00bb header_2_font_size_last_edited=\u00bbon|phone\u00bb locked=\u00bboff\u00bb global_colors_info=\u00bb{}\u00bb]<\/p>\n<h2>Respuestas a las preguntas m\u00e1s frecuentes sobre Derecho penal<\/h2>\n<p>[\/et_pb_text][\/et_pb_column][et_pb_column type=\u00bb1_2&#8243; _builder_version=\u00bb4.23.1&#8243; _module_preset=\u00bbdefault\u00bb global_colors_info=\u00bb{}\u00bb][et_pb_image src=\u00bbhttps:\/\/essen-strafverteidigung.de\/wp-content\/uploads\/2023\/11\/rabp_faq-1.jpg\u00bb title_text=\u00bbrabp_faq\u00bb force_fullwidth=\u00bbon\u00bb _builder_version=\u00bb4.23.1&#8243; _module_preset=\u00bbdefault\u00bb global_colors_info=\u00bb{}\u00bb][\/et_pb_image][\/et_pb_column][\/et_pb_row][\/et_pb_section][et_pb_section fb_built=\u00bb1&#8243; _builder_version=\u00bb4.23.1&#8243; _module_preset=\u00bbdefault\u00bb background_color=\u00bb#E1DFD8&#8243; custom_padding=\u00bb0px||||false|false\u00bb global_colors_info=\u00bb{}\u00bb][et_pb_row _builder_version=\u00bb4.23.1&#8243; _module_preset=\u00bbdefault\u00bb max_width=\u00bb1080px\u00bb global_colors_info=\u00bb{}\u00bb][et_pb_column type=\u00bb4_4&#8243; _builder_version=\u00bb4.23.1&#8243; _module_preset=\u00bbdefault\u00bb global_colors_info=\u00bb{}\u00bb][dsm_faq dsm_open_bg_color=\u00bb#F1F1F1&#8243; dsm_open_toggle_padding=\u00bb||||false|false\u00bb dsm_close_bg_color=\u00bb#F1F1F1&#8243; dsm_open_font_icon=\u00bb&#x21;||divi||400&#8243; dsm_close_font_icon=\u00bb&#x22;||divi||400&#8243; dsm_icon_placement=\u00bbright\u00bb dsm_content_padding=\u00bb50px||||false|false\u00bb _builder_version=\u00bb4.23.1&#8243; _module_preset=\u00bbdefault\u00bb header_level=\u00bbh3&#8243; header_font=\u00bb|700|||||||\u00bb header_text_color=\u00bb#323F50&#8243; header_font_size=\u00bb18px\u00bb header_line_height=\u00bb1.4em\u00bb content_text_color=\u00bb#323F50&#8243; content_font_size=\u00bb16px\u00bb content_line_height=\u00bb1.4em\u00bb header_font_size_tablet=\u00bb18px\u00bb header_font_size_phone=\u00bb19px\u00bb header_font_size_last_edited=\u00bbon|phone\u00bb closed_header_font_size_tablet=\u00bb\u00bb closed_header_font_size_phone=\u00bb18px\u00bb closed_header_font_size_last_edited=\u00bbon|phone\u00bb custom_css_main_element=\u00bbfont-weight: 400;\u00bb border_color_all_dsm_toggle_open_border=\u00bb#F1F1F1&#8243; border_color_all_dsm_toggle_closed_border=\u00bb#F1F1F1&#8243; global_colors_info=\u00bb{}\u00bb][dsm_faq_child dsm_title=\u00bb\u00bfNecesito realmente un abogado defensor?\u00bb dsm_content=\u00bb<\/p>\n<p>Definitivamente: \u00a1S\u00ed!<\/p>\n<p>Como acusado, tiene que tratar con polic\u00edas, fiscales y jueces que llevan a\u00f1os participando en procesos penales. Cuando se trata de tu dinero o de tu libertad, \u00bfno llevar\u00edas al campo a un jugador experimentado en lugar de perder casi seguro solo?<\/p>\n<p>Esto tambi\u00e9n se aplica si usted ha cometido los delitos y desea confesar. Un abogado penalista puede comprobar primero los hechos del caso: \u00bfexisten posibles causas de justificaci\u00f3n o hay otros planteamientos de defensa? Tampoco debe despreciar el desarrollo de factores atenuantes para reducir su condena.<\/p>\n<p>Y la frase favorita del juez penal al acusado que la niega suele ser: %22Puedes decir lo que quieras, pero no tenemos por qu\u00e9 creernos todo lo que dices%22.<\/p>\n<p>\u00bfQuieres sentarte solo en la sala con este ambiente?<\/p>\n<p>\u00a1Te das cuenta de que <strong>nunca debes defenderte!<\/strong><\/p>\n<p>\u00bb _builder_version=\u00bb4.23.1&#8243; _module_preset=\u00bbdefault\u00bb header_item_level=\u00bbh3&#8243; header_item_font_size=\u00bb18px\u00bb content_text_color=\u00bb#323F50&#8243; custom_margin=\u00bb||20px||false|false\u00bb global_colors_info=\u00bb{}\u00bb parentOrderClass=\u00bbdsm_faq_0&#8243;][\/dsm_faq_child][dsm_faq_child dsm_title=\u00bb\u00bfC\u00f3mo encontrar un buen abogado penalista?\u00bb dsm_content=\u00bb<\/p>\n<p>En sentido figurado: %22Al no reparar tus zapatos rotos en la panader\u00eda%22<\/p>\n<p>As\u00ed que, en primer lugar, busque un abogado especializado en Derecho penal. La mayor\u00eda son abogados especializados en Derecho penal. Pero, \u00bfde qu\u00e9 le sirve a usted si este especialista lo es tambi\u00e9n en derecho de arrendamiento, derecho laboral, derecho de familia y derecho social?<\/p>\n<p>Incluso despu\u00e9s de casi 25 a\u00f1os trabajando exclusivamente como abogado penalista, no podr\u00eda decir que he terminado de aprender. Por eso digo: no se puede hacer tanto %22bien%22. Por eso no acudes al abogado que hace poco sac\u00f3 adelante tu divorcio tan amablemente con un caso penal. Al fin y al cabo, est\u00e1 en juego su libertad y, en el caso de una multa, a veces sumas considerables de dinero.<\/p>\n<p>Si sigue buscando un buen abogado penalista, ll\u00e1meme. Contacto directo Mi gran ventaja es mi disponibilidad. \u00bfDe qu\u00e9 le sirve si s\u00f3lo habla con el asistente del buen abogado defensor durante 14 d\u00edas pero no consigue una cita? Un proceso penal en curso puede ser extremadamente estresante, y el cliente inexperto suele tener muchas preguntas. Hay que responder a estas preguntas.<\/p>\n<p>\u00bb _builder_version=\u00bb4.23.1&#8243; _module_preset=\u00bbdefault\u00bb header_item_level=\u00bbh3&#8243; header_item_font_size=\u00bb18px\u00bb content_text_color=\u00bb#323F50&#8243; custom_margin=\u00bb||20px||false|false\u00bb global_colors_info=\u00bb{}\u00bb parentOrderClass=\u00bbdsm_faq_0&#8243;][\/dsm_faq_child][dsm_faq_child dsm_title=\u00bb\u00bfTiene que argumentar siempre el abogado defensor? (&#8230;ser un buen abogado&#8230;)\u00bb dsm_content=\u00bb%22El ganador ser\u00e1 el que sepa cu\u00e1ndo luchar y cu\u00e1ndo no%22. &#8211; Sunzi<\/p>\n<p>Por eso no siempre es correcta la objeci\u00f3n tantas veces o\u00edda de que el abogado silencioso en la vista principal no es bueno. Si -y mis clientes lo est\u00e1n- el cliente est\u00e1 informado de antemano, sabe que un buen abogado defensor s\u00f3lo intervendr\u00e1 si las cosas le van mal. Si estoy tranquilo en una negociaci\u00f3n, me veo bien.<\/p>\n<p>Habilidad estrat\u00e9gica y visi\u00f3n de conjunto: pensar de forma innovadora y anticiparse a los pasos que dar\u00e1 el sistema judicial como respuesta: \u00a1este es el trabajo de un buen abogado penalista! Como un buen jugador de ajedrez. Pero por eso los a\u00f1os de experiencia son tan inmensamente importantes.<\/p>\n<p>La aplicaci\u00f3n de las normas jur\u00eddicas es s\u00f3lo una peque\u00f1a parte del trabajo.<\/p>\n<p>Hace a\u00f1os, defend\u00ed a un atracador de bancos reincidente (el cliente ya ha fallecido; los jueces est\u00e1n en funciones). Fue detenido en el acto. Tras unos meses en prisi\u00f3n preventiva, se program\u00f3 el juicio principal. El tribunal no hab\u00eda encargado un dictamen pericial, a pesar de que se cumpl\u00edan los requisitos para la prisi\u00f3n preventiva.<\/p>\n<p>A modo de explicaci\u00f3n: cuando se ordena la prisi\u00f3n preventiva, se condena al delincuente a una detenci\u00f3n indefinida una vez cumplida la pena efectiva, bas\u00e1ndose \u00fanicamente en su peligrosidad. Est\u00e1 regulada por ley en los art\u00edculos 66 y siguientes del C\u00f3digo Penal alem\u00e1n.<\/p>\n<p>Por lo tanto, estaba claro que celebrar\u00edamos la vista principal con tranquilidad y rapidez. Los testigos no fueron llamados por iniciativa m\u00eda, el cliente admiti\u00f3 plenamente la acusaci\u00f3n como correcta. S\u00f3lo hab\u00eda dicho una frase hasta 1 minuto antes de que se cerrara la audiencia de pruebas: le dese\u00e9 %22buenos d\u00edas%22.<\/p>\n<p>Entonces, &#8230; \u00a1el juez se\u00f1al\u00f3 que se cumpl\u00edan las condiciones para la detenci\u00f3n preventiva!<\/p>\n<p>Creo que el presidente del tribunal a\u00fan puede recordar hoy lo alterado que estaba, indignado quit\u00e1ndome la bata y tir\u00e1ndola sobre la mesa; hablando de trato inhumano y del Estado de Derecho tras casi 6 meses detenido, amenazando con la prisi\u00f3n preventiva un minuto antes de que se cerrara la audiencia de pruebas.<\/p>\n<p>La sala desapareci\u00f3 durante media hora para deliberar y se dio por concluida la vista principal. Por supuesto, hubo m\u00e1s castigos, \u00a1pero no detenci\u00f3n preventiva!<\/p>\n<p>El cliente lo entendi\u00f3, estaba preparado.\u00bb _builder_version=\u00bb4.23.1&#8243; _module_preset=\u00bbdefault\u00bb header_item_level=\u00bbh3&#8243; header_item_font_size=\u00bb18px\u00bb content_text_color=\u00bb#323F50&#8243; custom_margin=\u00bb||20px||false|false\u00bb global_colors_info=\u00bb{}\u00bb parentOrderClass=\u00bbdsm_faq_0&#8243;][\/dsm_faq_child][dsm_faq_child dsm_title=\u00bb\u00bfC\u00f3mo debo comportarme hasta que haya hablado con un abogado defensor?\u00bb dsm_content=\u00bb<\/p>\n<p>Hasta que habl\u00e9 con mi abogado: \u00a1Silencio, as\u00ed que %22c\u00e1llate%22!<\/p>\n<p>El acusado tiene derecho a guardar silencio. En todas las fases del proceso penal. Mientras no haya dado instrucciones a un abogado defensor y se le haya concedido acceso al expediente, no facilite ninguna informaci\u00f3n sobre usted o el caso por iniciativa propia.<\/p>\n<p>Los acusados ya han sido condenados porque se apresuraron a declarar cuando se dict\u00f3 la orden de detenci\u00f3n: %22Soy la persona que figura en la orden de detenci\u00f3n%22.<\/p>\n<p>Tambi\u00e9n hay numerosas condenas porque los sospechosos (que antes s\u00f3lo se conoc\u00edan por la vigilancia de las telecomunicaciones) alzaron la voz ante la polic\u00eda o los magistrados.<\/p>\n<p>Un c\u00f3mplice de un cliente fue condenado porque respondi\u00f3 afirmativamente a la pregunta inocua %22\u00bfSon estos sus vaqueros?%22. Durante el juicio principal, se realiz\u00f3 un peritaje textil para comparar los pliegues de sus vaqueros con los de las fotos de vigilancia de un atraco a un banco. Fue condenado.<\/p>\n<p>\u00bb _builder_version=\u00bb4.23.1&#8243; _module_preset=\u00bbdefault\u00bb header_item_level=\u00bbh3&#8243; header_item_font_size=\u00bb18px\u00bb content_text_color=\u00bb#323F50&#8243; custom_margin=\u00bb||20px||false|false\u00bb global_colors_info=\u00bb{}\u00bb parentOrderClass=\u00bbdsm_faq_0&#8243;][\/dsm_faq_child][dsm_faq_child dsm_title=\u00bb\u00bfCu\u00e1ndo debo recurrir a un abogado defensor?\u00bb dsm_content=\u00bbRespuesta: Ayer<\/p>\n<p>Lo antes posible, es decir, cuando usted mismo prevea que se va a incoar un proceso penal contra usted. Un registro o incluso una detenci\u00f3n pueden ser inminentes, sin que usted tenga que ser o\u00eddo previamente.<\/p>\n<p>A m\u00e1s tardar, sin embargo, cuando haya recibido un formulario de audiencia de la polic\u00eda o, m\u00e1s a\u00fan, cuando se le haya notificado una acusaci\u00f3n.\u00bb _builder_version=\u00bb4.23.1&#8243; _module_preset=\u00bbdefault\u00bb header_item_level=\u00bbh3&#8243; header_item_font_size=\u00bb18px\u00bb content_text_color=\u00bb#323F50&#8243; custom_margin=\u00bb||20px||false|false\u00bb global_colors_info=\u00bb{}\u00bb parentOrderClass=\u00bbdsm_faq_0&#8243;][\/dsm_faq_child][dsm_faq_child dsm_title=\u00bb\u00bfQu\u00e9 significa realmente &quot;testimonio contra testimonio&quot;?\u00bb dsm_content=\u00bbLa mayor\u00eda: \u00a1Nada!<\/p>\n<p>Desgraciadamente, no se trata de una broma: la situaci\u00f3n demasiado com\u00fan en la que el acusado es incriminado por un solo testigo no conduce autom\u00e1ticamente al resultado deseado: testimonio contra testimonio con la consecuencia de la absoluci\u00f3n del acusado.<\/p>\n<p>Pero, \u00bfpor qu\u00e9 no?<\/p>\n<p>Respuesta: Esto depende de la libre valoraci\u00f3n de las pruebas por parte del tribunal.<\/p>\n<p>El juez penal es libre de valorar las pruebas, o como dice el art\u00edculo 261 del C\u00f3digo de Procedimiento Penal: El tribunal decide sobre el resultado de la pr\u00e1ctica de la prueba %22seg\u00fan su libre convicci\u00f3n extra\u00edda de la totalidad de las actuaciones.%22<\/p>\n<p>S\u00f3lo si al juez no le convence el testimonio del testigo de cargo se produce la situaci\u00f3n de testimonio contra testimonio y el acusado debe ser absuelto.<\/p>\n<p>Sin embargo, seg\u00fan mi experiencia, en el 90% de los casos los jueces no dudan de la veracidad de las declaraciones de los testigos de cargo y condenan bas\u00e1ndose en ellas, a menos que el abogado defensor pueda sacudir el contenido de las declaraciones interrog\u00e1ndoles.\u00bb _builder_version=\u00bb4.23.1&#8243; _module_preset=\u00bbdefault\u00bb header_item_level=\u00bbh3&#8243; header_item_font_size=\u00bb18px\u00bb content_text_color=\u00bb#323F50&#8243; custom_margin=\u00bb||20px||false|false\u00bb global_colors_info=\u00bb{}\u00bb parentOrderClass=\u00bbdsm_faq_0&#8243;][\/dsm_faq_child][dsm_faq_child dsm_title=\u00bb\u00bfQu\u00e9 har\u00e1 por m\u00ed el abogado defensor?\u00bb dsm_content=\u00bbLo primero y m\u00e1s importante: inspeccionar los archivos<\/p>\n<p>El acusado puede recurrir a la asistencia de un abogado defensor en cualquier fase del procedimiento y s\u00f3lo el abogado defensor tiene derecho a inspeccionar los expedientes, es decir, a recoger las pruebas que la justicia cree tener contra usted. Sin acceso a los expedientes, se enfrentan al frente judicial sin conocimiento de causa.<\/p>\n<p>S\u00f3lo conociendo los expedientes, usted y su abogado defensor estar\u00e1n en pie de igualdad con la fiscal\u00eda.<\/p>\n<p>Al hacerlo, el abogado defensor se compromete exclusivamente con sus intereses y est\u00e1 estrictamente obligado a la confidencialidad. Adem\u00e1s, como \u00f3rgano de la administraci\u00f3n de justicia, a los abogados defensores se les aplica lo siguiente: %22Nunca miento, pero no tengo por qu\u00e9 decir todo lo que s\u00e9%22.\u00bb _builder_version=\u00bb4.23.1&#8243; _module_preset=\u00bbdefault\u00bb header_item_level=\u00bbh3&#8243; header_item_font_size=\u00bb18px\u00bb content_text_color=\u00bb#323F50&#8243; custom_margin=\u00bb||20px||false|false\u00bb global_colors_info=\u00bb{}\u00bb parentOrderClass=\u00bbdsm_faq_0&#8243;][\/dsm_faq_child][dsm_faq_child dsm_title=\u00bb\u00bfEst\u00e1 tambi\u00e9n de mi lado un abogado de oficio?\u00bb dsm_content=\u00bb<\/p>\n<p class=%22faq-item__short-answer%22>\u00a1Deber\u00eda serlo!<\/p>\n<div class=%22faq-item__desc%22>\n<p>Para explicarlo: El abogado de oficio es un abogado defensor &#8211;<span> <\/span><strong>tambi\u00e9n el abogado defensor de su<\/strong> elecci\u00f3n<span> <\/span> (<strong>!)<\/strong>&#8211; que puede ser designado por el tribunal mediante orden judicial.<\/p>\n<p>El tribunal decide asignar al abogado como defensor de oficio si usted y el abogado lo solicitan y se cumplen los requisitos legales para una defensa de oficio.<\/p>\n<p>Ventaja: En primer lugar, el abogado de oficio puede saldar cuentas con la hacienda p\u00fablica.<\/p>\n<p>Desventaja: El abogado de oficio ya no puede ser sustituido por otro abogado sin m\u00e1s. En este caso, \u00a1el tribunal debe participar en la dimisi\u00f3n del mandato!<\/p>\n<p>Si no te ocupas de ello, el juzgado te %22obligar\u00e1%22 a contratar a alg\u00fan abogado. No tiene por qu\u00e9 ser un mal abogado, pero \u00bfpor qu\u00e9 arriesgarse cuando basta un breve contacto con un abogado penalista? Por lo tanto:<span> <\/span><a href=%22tel:+491722761732%22>Llame ahora<\/a><\/p>\n<p>Otro consejo &#8211; En el caso de las detenciones, debe prestar atenci\u00f3n a la redacci\u00f3n con el magistrado:<\/p>\n<p>%22<strong><em>Que<\/em> el<em>abogado<\/em><span> <\/span><em>me sea asignado s\u00f3lo por hoy%22<\/em><\/strong>.<\/p>\n<p>Esto significa que usted est\u00e1 representado por un abogado en la situaci\u00f3n de arresto. Luego busque un abogado de su elecci\u00f3n para el resto.<\/p>\n<\/div>\n<p>\u00bb _builder_version=\u00bb4.23.1&#8243; _module_preset=\u00bbdefault\u00bb header_item_level=\u00bbh3&#8243; header_item_font_size=\u00bb18px\u00bb content_text_color=\u00bb#323F50&#8243; custom_margin=\u00bb||20px||false|false\u00bb global_colors_info=\u00bb{}\u00bb parentOrderClass=\u00bbdsm_faq_0&#8243;][\/dsm_faq_child][\/dsm_faq][\/et_pb_column][\/et_pb_row][\/et_pb_section]<\/p>\n","protected":false},"excerpt":{"rendered":"<p>FAQ \/ Informaci\u00f3n \u00fatilRespuestas a las preguntas m\u00e1s frecuentes sobre Derecho penal<div class=\"et_pb_with_border et_pb_module dsm_faq dsm_faq_0\">\n\t\t\t\t\n\t\t\t\t\n\t\t\t\t\n\t\t\t\t\n\t\t\t\t\n\t\t\t\t\n\t\t\t\t<div class=\"et_pb_module_inner\">\n\t\t\t\t\t<div class=\"dsm-faq-container dsm-front\" data-accordion=\"off\" data-open_first_item=\"off\">\n\t\t\t\t\n\t\t\t <\/div>\n\t\t\t \n\t\t\t\n\t\t\t\t<\/div>\n\t\t\t<\/div><div class=\"dsm_faq_child_0 dsm-faq-item-wrapper\">\n\t\t\t\t<div class=\"dsm-title-wrapper\">\n\t\t\t\t <div class=\"dsm-title-inner-wrapper\">\n\t\t\t\t   \n\t\t\t\t   \n\t\t\t\t   \n\t\t\t\t   \n\t\t\t\t   <h3 class=\"dsm-faq-title\">\u00bb\u00bfNecesito<\/h3>\n\t\t\t\t <\/div> \n\t\t\t\t <div class=\"dsm-faq-item-inner-wrapper\">\n\t\t\t\t   <div class=\"dsm_open_icon\"><span>!<\/span><\/div>\n\t\t\t\t   <div class=\"dsm_close_icon\"><span>\"<\/span><\/div>\n\t\t\t\t   \n\t\t\t\t   \n\t\t\t\t <\/div>\n\t\t\t\t<\/div>\n\t\t\t\t<div class=\"dsm-faq-content\">\u00bbDefinitivamente:<\/div>\n\t\t\t <\/div>\n\t\t\t<\/p>\n","protected":false},"author":1,"featured_media":0,"parent":0,"menu_order":0,"comment_status":"closed","ping_status":"closed","template":"","meta":{"_et_pb_use_builder":"on","_et_pb_old_content":"","_et_gb_content_width":"","footnotes":""},"class_list":["post-1292","page","type-page","status-publish","hentry"],"_links":{"self":[{"href":"https:\/\/essen-strafverteidigung.de\/es\/wp-json\/wp\/v2\/pages\/1292","targetHints":{"allow":["GET"]}}],"collection":[{"href":"https:\/\/essen-strafverteidigung.de\/es\/wp-json\/wp\/v2\/pages"}],"about":[{"href":"https:\/\/essen-strafverteidigung.de\/es\/wp-json\/wp\/v2\/types\/page"}],"author":[{"embeddable":true,"href":"https:\/\/essen-strafverteidigung.de\/es\/wp-json\/wp\/v2\/users\/1"}],"replies":[{"embeddable":true,"href":"https:\/\/essen-strafverteidigung.de\/es\/wp-json\/wp\/v2\/comments?post=1292"}],"version-history":[{"count":5,"href":"https:\/\/essen-strafverteidigung.de\/es\/wp-json\/wp\/v2\/pages\/1292\/revisions"}],"predecessor-version":[{"id":1297,"href":"https:\/\/essen-strafverteidigung.de\/es\/wp-json\/wp\/v2\/pages\/1292\/revisions\/1297"}],"wp:attachment":[{"href":"https:\/\/essen-strafverteidigung.de\/es\/wp-json\/wp\/v2\/media?parent=1292"}],"curies":[{"name":"wp","href":"https:\/\/api.w.org\/{rel}","templated":true}]}}