{"id":1280,"date":"2023-11-28T15:13:30","date_gmt":"2023-11-28T14:13:30","guid":{"rendered":"https:\/\/essen-strafverteidigung.de\/tasa\/"},"modified":"2025-02-26T16:49:48","modified_gmt":"2025-02-26T15:49:48","slug":"tasa","status":"publish","type":"page","link":"https:\/\/essen-strafverteidigung.de\/es\/tasa\/","title":{"rendered":"Tasa"},"content":{"rendered":"<p>[et_pb_section fb_built=\u00bb1&#8243; custom_padding_last_edited=\u00bbon|desktop\u00bb _builder_version=\u00bb4.23.1&#8243; _module_preset=\u00bbdefault\u00bb background_color=\u00bb#E1DFD8&#8243; custom_padding=\u00bb80px||||false|false\u00bb custom_padding_tablet=\u00bb80px||||false|false\u00bb custom_padding_phone=\u00bb80px||||false|false\u00bb global_colors_info=\u00bb{}\u00bb][et_pb_row column_structure=\u00bb1_2,1_2&#8243; make_equal=\u00bbon\u00bb module_class=\u00bbvertikales-zentrieren\u00bb _builder_version=\u00bb4.23.1&#8243; _module_preset=\u00bbdefault\u00bb custom_margin=\u00bb||50px||false|false\u00bb custom_margin_tablet=\u00bb||50px||false|false\u00bb custom_margin_phone=\u00bb||0px||false|false\u00bb custom_margin_last_edited=\u00bbon|phone\u00bb global_colors_info=\u00bb{}\u00bb][et_pb_column type=\u00bb1_2&#8243; _builder_version=\u00bb4.23.1&#8243; _module_preset=\u00bbdefault\u00bb global_colors_info=\u00bb{}\u00bb][et_pb_text _builder_version=\u00bb4.23.1&#8243; _module_preset=\u00bbdefault\u00bb text_font=\u00bb|700|||||||\u00bb text_text_color=\u00bb#f1f1f1&#8243; text_font_size=\u00bb50px\u00bb text_line_height=\u00bb64px\u00bb header_font=\u00bb|700|||||||\u00bb header_text_color=\u00bb#323F50&#8243; header_font_size=\u00bb60px\u00bb header_font_size_tablet=\u00bb60px\u00bb header_font_size_phone=\u00bb26px\u00bb header_font_size_last_edited=\u00bbon|phone\u00bb locked=\u00bboff\u00bb global_colors_info=\u00bb{}\u00bb]<\/p>\n<h1>Tasa<\/h1>\n<p>[\/et_pb_text][et_pb_text _builder_version=\u00bb4.23.1&#8243; _module_preset=\u00bbdefault\u00bb text_text_color=\u00bb#323F50&#8243; text_line_height=\u00bb1.4em\u00bb header_2_font=\u00bb|700|||||||\u00bb header_2_text_color=\u00bb#323F50&#8243; header_2_font_size=\u00bb30px\u00bb header_3_font=\u00bb|700|||||||\u00bb header_3_text_color=\u00bb#323F50&#8243; header_3_font_size=\u00bb30px\u00bb custom_padding_tablet=\u00bb\u00bb custom_padding_phone=\u00bb||20px||false|false\u00bb custom_padding_last_edited=\u00bbon|phone\u00bb text_font_size_tablet=\u00bb\u00bb text_font_size_phone=\u00bb19px\u00bb text_font_size_last_edited=\u00bbon|phone\u00bb header_2_font_size_tablet=\u00bb30px\u00bb header_2_font_size_phone=\u00bb22px\u00bb header_2_font_size_last_edited=\u00bbon|phone\u00bb custom_css_main_element=\u00bbfont-weight: 400;\u00bb global_colors_info=\u00bb{}\u00bb]<\/p>\n<h2>Ganarse la confianza<\/h2>\n<p>Mi servicio cuesta dinero. Claro que quieres saber cu\u00e1nto. Preg\u00fantate de antemano para qu\u00e9 te sirvo.<\/p>\n<p>Lee aqu\u00ed:<span> <\/span><span style=\"text-decoration: underline;\"><a href=\"https:\/\/essen-strafverteidigung.de\/es\/preguntas-frecuentes\/\"><strong>FAQ\/informaci\u00f3n \u00fatil<\/strong><\/a><\/span><span> <\/span><span> <\/span><span> <\/span>y juzga por ti mismo cu\u00e1ntos<strong>consejos e informaci\u00f3n<\/strong> has recibido ya de m\u00ed.<\/p>\n<p>[\/et_pb_text][\/et_pb_column][et_pb_column type=\u00bb1_2&#8243; _builder_version=\u00bb4.23.1&#8243; _module_preset=\u00bbdefault\u00bb global_colors_info=\u00bb{}\u00bb][et_pb_image src=\u00bbhttps:\/\/essen-strafverteidigung.de\/wp-content\/uploads\/2023\/11\/rabp_honorar.jpg\u00bb title_text=\u00bbrabp_fee\u00bb align=\u00bbcenter\u00bb _builder_version=\u00bb4.23.1&#8243; _module_preset=\u00bbdefault\u00bb max_height=\u00bb500px\u00bb global_colors_info=\u00bb{}\u00bb][\/et_pb_image][\/et_pb_column][\/et_pb_row][et_pb_row _builder_version=\u00bb4.23.1&#8243; _module_preset=\u00bbdefault\u00bb global_colors_info=\u00bb{}\u00bb][et_pb_column type=\u00bb4_4&#8243; _builder_version=\u00bb4.23.1&#8243; _module_preset=\u00bbdefault\u00bb global_colors_info=\u00bb{}\u00bb][et_pb_text _builder_version=\u00bb4.23.1&#8243; _module_preset=\u00bbdefault\u00bb header_2_font=\u00bb|700|||||||\u00bb header_2_text_color=\u00bb#323f50&#8243; header_2_font_size=\u00bb40px\u00bb header_2_line_height=\u00bb1.4em\u00bb header_2_font_size_tablet=\u00bb40px\u00bb header_2_font_size_phone=\u00bb26px\u00bb header_2_font_size_last_edited=\u00bbon|phone\u00bb locked=\u00bboff\u00bb global_colors_info=\u00bb{}\u00bb]<\/p>\n<h2>Calculo mis honorarios seg\u00fan las dos opciones siguientes:<\/h2>\n<p>[\/et_pb_text][\/et_pb_column][\/et_pb_row][et_pb_row column_structure=\u00bb1_2,1_2&#8243; _builder_version=\u00bb4.23.1&#8243; _module_preset=\u00bbdefault\u00bb custom_padding=\u00bb0px||||false|false\u00bb global_colors_info=\u00bb{}\u00bb][et_pb_column type=\u00bb1_2&#8243; _builder_version=\u00bb4.23.1&#8243; _module_preset=\u00bbdefault\u00bb global_colors_info=\u00bb{}\u00bb][et_pb_text _builder_version=\u00bb4.23.1&#8243; _module_preset=\u00bbdefault\u00bb text_text_color=\u00bb#323F50&#8243; text_line_height=\u00bb1.4em\u00bb header_3_font=\u00bb|700|||||||\u00bb header_3_text_color=\u00bb#323F50&#8243; header_3_font_size=\u00bb30px\u00bb text_font_size_tablet=\u00bb\u00bb text_font_size_phone=\u00bb19px\u00bb text_font_size_last_edited=\u00bbon|phone\u00bb header_3_font_size_tablet=\u00bb30px\u00bb header_3_font_size_phone=\u00bb22px\u00bb header_3_font_size_last_edited=\u00bbon|phone\u00bb custom_css_main_element=\u00bbfont-weight: 400;\u00bb global_colors_info=\u00bb{}\u00bb]<\/p>\n<h3>Abogado defensor<\/h3>\n<p>Puedo ser instruido como abogado de elecci\u00f3n si usted me paga exclusivamente de forma privada. La cuant\u00eda de estos honorarios depende de cada caso y puede discutirse en una reuni\u00f3n inicial.<span> <\/span><strong>preliminar<\/strong><span> <\/span>puede estimarse.<\/p>\n<p>[\/et_pb_text][et_pb_text _builder_version=\u00bb4.25.0&#8243; _module_preset=\u00bbdefault\u00bb text_text_color=\u00bb#323F50&#8243; text_line_height=\u00bb1.4em\u00bb header_3_font=\u00bb|700|||||||\u00bb header_3_text_color=\u00bb#323F50&#8243; header_3_font_size=\u00bb30px\u00bb hover_enabled=\u00bb0&#8243; text_font_size_tablet=\u00bb\u00bb text_font_size_phone=\u00bb19px\u00bb text_font_size_last_edited=\u00bbon|phone\u00bb header_3_font_size_tablet=\u00bb30px\u00bb header_3_font_size_phone=\u00bb22px\u00bb header_3_font_size_last_edited=\u00bbon|phone\u00bb custom_css_main_element=\u00bbfont-weight: 400;\u00bb global_colors_info=\u00bb{}\u00bb sticky_enabled=\u00bb0&#8243;]<\/p>\n<h3>Detalles sobre la defensa electoral<\/h3>\n<p><span> <\/span>En principio, existen honorarios a tanto alzado o el acuerdo de una tarifa horaria.<strong>A grandes<\/strong><strong>rasgos<\/strong>, puedes esperar una tarifa horaria de 330,00 EUR brutos o unos honorarios a tanto alzado de al menos 1.600,00 EUR brutos.<\/p>\n<p>Eso parece mucho, pero -seg\u00fan la jurisprudencia establecida, incluida la de los tribunales superiores- se encuentra en la mitad inferior de la horquilla admisible de una tarifa horaria de 180,00 euros brutos a 600,00 euros brutos para los abogados.<\/p>\n<p>Y ello a pesar de que desde hace 25 a\u00f1os trabajo exclusivamente en el \u00e1mbito del Derecho penal y poseo adem\u00e1s el t\u00edtulo de abogado especialista en Derecho penal y, como pronto comprender\u00e1 y llegar\u00e1 a apreciar, soy su interlocutor directo permanente.<\/p>\n<p><span> <\/span><span> <\/span>Lee<strong>las opiniones de mis<\/strong><strong>clientes<\/strong> y te llevar\u00e1s una buena impresi\u00f3n de mi trabajo orientado al cliente.<\/p>\n<p>[\/et_pb_text][\/et_pb_column][et_pb_column type=\u00bb1_2&#8243; _builder_version=\u00bb4.23.1&#8243; _module_preset=\u00bbdefault\u00bb global_colors_info=\u00bb{}\u00bb][et_pb_text _builder_version=\u00bb4.23.1&#8243; _module_preset=\u00bbdefault\u00bb text_text_color=\u00bb#323F50&#8243; text_line_height=\u00bb1.4em\u00bb header_3_font=\u00bb|700|||||||\u00bb header_3_text_color=\u00bb#323F50&#8243; header_3_font_size=\u00bb30px\u00bb text_font_size_tablet=\u00bb\u00bb text_font_size_phone=\u00bb19px\u00bb text_font_size_last_edited=\u00bbon|phone\u00bb header_3_font_size_tablet=\u00bb30px\u00bb header_3_font_size_phone=\u00bb22px\u00bb header_3_font_size_last_edited=\u00bbon|phone\u00bb custom_css_main_element=\u00bbfont-weight: 400;\u00bb global_colors_info=\u00bb{}\u00bb]<\/p>\n<h3>Defensor de oficio<\/h3>\n<p>Tambi\u00e9n asumo defensas p\u00fablicas, <strong>pero siempre con un pago privado adicional del mismo importe que los honorarios del abogado de<\/strong> oficio.<\/p>\n<p><strong><\/strong><\/p>\n<p>[\/et_pb_text][et_pb_text _builder_version=\u00bb4.23.1&#8243; _module_preset=\u00bbdefault\u00bb text_text_color=\u00bb#323F50&#8243; text_line_height=\u00bb1.4em\u00bb header_3_font=\u00bb|700|||||||\u00bb header_3_text_color=\u00bb#323F50&#8243; header_3_font_size=\u00bb30px\u00bb text_font_size_tablet=\u00bb\u00bb text_font_size_phone=\u00bb19px\u00bb text_font_size_last_edited=\u00bbon|phone\u00bb header_3_font_size_tablet=\u00bb30px\u00bb header_3_font_size_phone=\u00bb22px\u00bb header_3_font_size_last_edited=\u00bbon|phone\u00bb custom_css_main_element=\u00bbfont-weight: 400;\u00bb global_colors_info=\u00bb{}\u00bb]<\/p>\n<h3>Detalles sobre la defensa obligatoria<\/h3>\n<p>La posibilidad de defensa obligatoria s\u00f3lo existe para determinados casos regulados por ley:<\/p>\n<p>El art\u00edculo 140 de la Ley de Enjuiciamiento Criminal, por ejemplo, estipula la necesidad de un abogado de oficio en caso de delito o condena de un a\u00f1o o m\u00e1s.<\/p>\n<p>Seg\u00fan esto, el tribunal<span> <\/span> puede asignar a<strong>cualquier abogado de su<\/strong> elecci\u00f3n<span> <\/span>como abogado de oficio.<\/p>\n<p>En<span> <\/span><strong>Defensor de oficio<\/strong><span> <\/span>en un principio se arregla directamente con el Estado. La cuant\u00eda de estos honorarios del abogado de oficio est\u00e1 regulada en la Ley alemana de honorarios de abogados (RVG).<\/p>\n<p>En caso de condena, el Estado puede recuperar estos gastos de defensa del condenado.<\/p>\n<p>[\/et_pb_text][\/et_pb_column][\/et_pb_row][et_pb_row _builder_version=\u00bb4.23.1&#8243; _module_preset=\u00bbdefault\u00bb global_colors_info=\u00bb{}\u00bb][et_pb_column type=\u00bb4_4&#8243; _builder_version=\u00bb4.23.1&#8243; _module_preset=\u00bbdefault\u00bb global_colors_info=\u00bb{}\u00bb][et_pb_button button_url=\u00bbmailto:info@essen-strafverteidigung.de\u00bb button_text=\u00bb\u00bfTiene m\u00e1s preguntas sobre la tasa? Enviar mensaje ahora.\u00bb button_alignment=\u00bbcenter\u00bb _builder_version=\u00bb4.23.1&#8243; _module_preset=\u00bbdefault\u00bb custom_button=\u00bbon\u00bb button_text_color=\u00bb#F1F1F1&#8243; button_bg_color=\u00bb#323F50&#8243; button_border_width=\u00bb0px\u00bb button_border_color=\u00bb#323F50&#8243; button_border_radius=\u00bb7px\u00bb button_use_icon=\u00bboff\u00bb custom_padding=\u00bb8px|40px|8px|40px|true|true\u00bb locked=\u00bboff\u00bb global_colors_info=\u00bb{}\u00bb][\/et_pb_button][\/et_pb_column][\/et_pb_row][\/et_pb_section]<\/p>\n","protected":false},"excerpt":{"rendered":"<p>TasaGanarse la confianza Mi servicio cuesta dinero. Claro que quieres saber cu\u00e1nto. Preg\u00fantate de antemano para qu\u00e9 te sirvo. Lee aqu\u00ed: FAQ\/informaci\u00f3n \u00fatil y juzga por ti mismo cu\u00e1ntosconsejos e informaci\u00f3n has recibido ya de m\u00ed.Calculo mis honorarios seg\u00fan las dos opciones siguientes:Abogado defensor Puedo ser instruido como abogado de elecci\u00f3n si usted me paga [&hellip;]<\/p>\n","protected":false},"author":1,"featured_media":0,"parent":0,"menu_order":0,"comment_status":"closed","ping_status":"closed","template":"","meta":{"_et_pb_use_builder":"on","_et_pb_old_content":"","_et_gb_content_width":"","footnotes":""},"class_list":["post-1280","page","type-page","status-publish","hentry"],"_links":{"self":[{"href":"https:\/\/essen-strafverteidigung.de\/es\/wp-json\/wp\/v2\/pages\/1280","targetHints":{"allow":["GET"]}}],"collection":[{"href":"https:\/\/essen-strafverteidigung.de\/es\/wp-json\/wp\/v2\/pages"}],"about":[{"href":"https:\/\/essen-strafverteidigung.de\/es\/wp-json\/wp\/v2\/types\/page"}],"author":[{"embeddable":true,"href":"https:\/\/essen-strafverteidigung.de\/es\/wp-json\/wp\/v2\/users\/1"}],"replies":[{"embeddable":true,"href":"https:\/\/essen-strafverteidigung.de\/es\/wp-json\/wp\/v2\/comments?post=1280"}],"version-history":[{"count":10,"href":"https:\/\/essen-strafverteidigung.de\/es\/wp-json\/wp\/v2\/pages\/1280\/revisions"}],"predecessor-version":[{"id":1569,"href":"https:\/\/essen-strafverteidigung.de\/es\/wp-json\/wp\/v2\/pages\/1280\/revisions\/1569"}],"wp:attachment":[{"href":"https:\/\/essen-strafverteidigung.de\/es\/wp-json\/wp\/v2\/media?parent=1280"}],"curies":[{"name":"wp","href":"https:\/\/api.w.org\/{rel}","templated":true}]}}